{"id":1421,"date":"2021-02-07T00:20:03","date_gmt":"2021-02-06T23:20:03","guid":{"rendered":"https:\/\/cairn-prehistoire.com\/?page_id=1421"},"modified":"2021-12-10T11:28:16","modified_gmt":"2021-12-10T10:28:16","slug":"mentions-legales-et-confidentialite","status":"publish","type":"page","link":"https:\/\/cairn-prehistoire.com\/index.php\/mentions-legales-et-confidentialite\/","title":{"rendered":"Mentions l\u00e9gales et confidentialit\u00e9"},"content":{"rendered":"\t\t<div data-elementor-type=\"wp-page\" data-elementor-id=\"1421\" class=\"elementor elementor-1421\" data-elementor-settings=\"[]\">\n\t\t\t\t\t\t<div class=\"elementor-inner\">\n\t\t\t\t\t\t\t<div class=\"elementor-section-wrap\">\n\t\t\t\t\t\t\t<section class=\"elementor-section elementor-top-section elementor-element elementor-element-2c88817 elementor-section-content-middle elementor-section-boxed elementor-section-height-default elementor-section-height-default\" data-id=\"2c88817\" data-element_type=\"section\" data-settings=\"{&quot;background_background&quot;:&quot;classic&quot;,&quot;shape_divider_top&quot;:&quot;pyramids&quot;}\">\n\t\t\t\t\t<div class=\"elementor-shape elementor-shape-top\" data-negative=\"false\">\n\t\t\t<svg xmlns=\"http:\/\/www.w3.org\/2000\/svg\" viewBox=\"0 0 1000 100\" preserveAspectRatio=\"none\">\n\t<path class=\"elementor-shape-fill\" d=\"M761.9,44.1L643.1,27.2L333.8,98L0,3.8V0l1000,0v3.9\"\/>\n<\/svg>\t\t<\/div>\n\t\t\t\t\t<div class=\"elementor-container elementor-column-gap-default\">\n\t\t\t\t\t\t\t<div class=\"elementor-row\">\n\t\t\t\t\t<div class=\"elementor-column elementor-col-100 elementor-top-column elementor-element elementor-element-ab87f16\" data-id=\"ab87f16\" data-element_type=\"column\">\n\t\t\t<div class=\"elementor-column-wrap elementor-element-populated\">\n\t\t\t\t\t\t\t<div class=\"elementor-widget-wrap\">\n\t\t\t\t\t\t<div class=\"elementor-element elementor-element-badfce7 elementor-widget-divider--view-line elementor-widget elementor-widget-divider\" data-id=\"badfce7\" data-element_type=\"widget\" data-widget_type=\"divider.default\">\n\t\t\t\t<div class=\"elementor-widget-container\">\n\t\t\t\t\t<div class=\"elementor-divider\">\n\t\t\t<span class=\"elementor-divider-separator\">\n\t\t\t\t\t\t<\/span>\n\t\t<\/div>\n\t\t\t\t<\/div>\n\t\t\t\t<\/div>\n\t\t\t\t\t\t<\/div>\n\t\t\t\t\t<\/div>\n\t\t<\/div>\n\t\t\t\t\t\t\t\t<\/div>\n\t\t\t\t\t<\/div>\n\t\t<\/section>\n\t\t\t\t<section class=\"elementor-section elementor-top-section elementor-element elementor-element-b27c811 elementor-section-boxed elementor-section-height-default elementor-section-height-default\" data-id=\"b27c811\" data-element_type=\"section\" data-settings=\"{&quot;shape_divider_top&quot;:&quot;mountains&quot;,&quot;shape_divider_bottom&quot;:&quot;pyramids&quot;}\">\n\t\t\t\t\t<div class=\"elementor-shape elementor-shape-top\" data-negative=\"false\">\n\t\t\t<svg xmlns=\"http:\/\/www.w3.org\/2000\/svg\" viewBox=\"0 0 1000 100\" preserveAspectRatio=\"none\">\n\t<path class=\"elementor-shape-fill\" opacity=\"0.33\" d=\"M473,67.3c-203.9,88.3-263.1-34-320.3,0C66,119.1,0,59.7,0,59.7V0h1000v59.7 c0,0-62.1,26.1-94.9,29.3c-32.8,3.3-62.8-12.3-75.8-22.1C806,49.6,745.3,8.7,694.9,4.7S492.4,59,473,67.3z\"\/>\n\t<path class=\"elementor-shape-fill\" opacity=\"0.66\" d=\"M734,67.3c-45.5,0-77.2-23.2-129.1-39.1c-28.6-8.7-150.3-10.1-254,39.1 s-91.7-34.4-149.2,0C115.7,118.3,0,39.8,0,39.8V0h1000v36.5c0,0-28.2-18.5-92.1-18.5C810.2,18.1,775.7,67.3,734,67.3z\"\/>\n\t<path class=\"elementor-shape-fill\" d=\"M766.1,28.9c-200-57.5-266,65.5-395.1,19.5C242,1.8,242,5.4,184.8,20.6C128,35.8,132.3,44.9,89.9,52.5C28.6,63.7,0,0,0,0 h1000c0,0-9.9,40.9-83.6,48.1S829.6,47,766.1,28.9z\"\/>\n<\/svg>\t\t<\/div>\n\t\t\t\t<div class=\"elementor-shape elementor-shape-bottom\" data-negative=\"false\">\n\t\t\t<svg xmlns=\"http:\/\/www.w3.org\/2000\/svg\" viewBox=\"0 0 1000 100\" preserveAspectRatio=\"none\">\n\t<path class=\"elementor-shape-fill\" d=\"M761.9,44.1L643.1,27.2L333.8,98L0,3.8V0l1000,0v3.9\"\/>\n<\/svg>\t\t<\/div>\n\t\t\t\t\t<div class=\"elementor-container elementor-column-gap-default\">\n\t\t\t\t\t\t\t<div class=\"elementor-row\">\n\t\t\t\t\t<div class=\"elementor-column elementor-col-100 elementor-top-column elementor-element elementor-element-9a8472f\" data-id=\"9a8472f\" data-element_type=\"column\">\n\t\t\t<div class=\"elementor-column-wrap elementor-element-populated\">\n\t\t\t\t\t\t\t<div class=\"elementor-widget-wrap\">\n\t\t\t\t\t\t<div class=\"elementor-element elementor-element-8f83978 elementor-widget elementor-widget-heading\" data-id=\"8f83978\" data-element_type=\"widget\" data-widget_type=\"heading.default\">\n\t\t\t\t<div class=\"elementor-widget-container\">\n\t\t\t<h2 class=\"elementor-heading-title elementor-size-default\">Mentions l\u00e9gales et confidentialit\u00e9<\/h2>\t\t<\/div>\n\t\t\t\t<\/div>\n\t\t\t\t<div class=\"elementor-element elementor-element-b805746 elementor-widget elementor-widget-spacer\" data-id=\"b805746\" data-element_type=\"widget\" data-widget_type=\"spacer.default\">\n\t\t\t\t<div class=\"elementor-widget-container\">\n\t\t\t\t\t<div class=\"elementor-spacer\">\n\t\t\t<div class=\"elementor-spacer-inner\"><\/div>\n\t\t<\/div>\n\t\t\t\t<\/div>\n\t\t\t\t<\/div>\n\t\t\t\t\t\t<\/div>\n\t\t\t\t\t<\/div>\n\t\t<\/div>\n\t\t\t\t\t\t\t\t<\/div>\n\t\t\t\t\t<\/div>\n\t\t<\/section>\n\t\t\t\t<section class=\"elementor-section elementor-top-section elementor-element elementor-element-4b6f10d elementor-section-boxed elementor-section-height-default elementor-section-height-default\" data-id=\"4b6f10d\" data-element_type=\"section\" data-settings=\"{&quot;background_background&quot;:&quot;classic&quot;}\">\n\t\t\t\t\t\t<div class=\"elementor-container elementor-column-gap-default\">\n\t\t\t\t\t\t\t<div class=\"elementor-row\">\n\t\t\t\t\t<div class=\"elementor-column elementor-col-100 elementor-top-column elementor-element elementor-element-166b441\" data-id=\"166b441\" data-element_type=\"column\">\n\t\t\t<div class=\"elementor-column-wrap elementor-element-populated\">\n\t\t\t\t\t\t\t<div class=\"elementor-widget-wrap\">\n\t\t\t\t\t\t<div class=\"elementor-element elementor-element-53d8b13 elementor-widget elementor-widget-text-editor\" data-id=\"53d8b13\" data-element_type=\"widget\" data-widget_type=\"text-editor.default\">\n\t\t\t\t<div class=\"elementor-widget-container\">\n\t\t\t\t\t\t\t\t<div class=\"elementor-text-editor elementor-clearfix\">\n\t\t\t\t<h4>Mentions L\u00e9gales<\/h4>\t\t\t\t\t<\/div>\n\t\t\t\t\t\t<\/div>\n\t\t\t\t<\/div>\n\t\t\t\t<div class=\"elementor-element elementor-element-991f3aa elementor-widget elementor-widget-text-editor\" data-id=\"991f3aa\" data-element_type=\"widget\" data-widget_type=\"text-editor.default\">\n\t\t\t\t<div class=\"elementor-widget-container\">\n\t\t\t\t\t\t\t\t<div class=\"elementor-text-editor elementor-clearfix\">\n\t\t\t\t<p><b>1. \u00c9diteur du site<\/b><\/p><p>L\u2019adresse de notre site Web est : http:\/\/cairn-prehistoire.com.<\/p><p>Le pr\u00e9sent site Internet est \u00e9dit\u00e9 par la Communaut\u00e9 de Communes Vend\u00e9e Grand Littoral dont le si\u00e8ge se situe 35 impasse du Luthier \u2013 ZI du P\u00e2tis 1 \u2013 85440 TALMONT SAINT HILAIRE.<\/p><p>Adresse mail contact@vendeegrandlittoral.fr<\/p><p>T\u00e9l\u00e9phone 02 51 207 207<\/p><p>Ci-apr\u00e8s \u00ab l\u2019Editeur \u00bb<\/p>\t\t\t\t\t<\/div>\n\t\t\t\t\t\t<\/div>\n\t\t\t\t<\/div>\n\t\t\t\t<div class=\"elementor-element elementor-element-87eb5c2 elementor-widget elementor-widget-text-editor\" data-id=\"87eb5c2\" data-element_type=\"widget\" data-widget_type=\"text-editor.default\">\n\t\t\t\t<div class=\"elementor-widget-container\">\n\t\t\t\t\t\t\t\t<div class=\"elementor-text-editor elementor-clearfix\">\n\t\t\t\t<p><b>2. Directeur de la publication<\/b><\/p><p>Le directeur de la publication du pr\u00e9sent site est Monsieur Maxence de RUGY en sa qualit\u00e9 de Pr\u00e9sident de la Communaut\u00e9 de Communes.<\/p>\t\t\t\t\t<\/div>\n\t\t\t\t\t\t<\/div>\n\t\t\t\t<\/div>\n\t\t\t\t<div class=\"elementor-element elementor-element-13a3ad2 elementor-widget elementor-widget-text-editor\" data-id=\"13a3ad2\" data-element_type=\"widget\" data-widget_type=\"text-editor.default\">\n\t\t\t\t<div class=\"elementor-widget-container\">\n\t\t\t\t\t\t\t\t<div class=\"elementor-text-editor elementor-clearfix\">\n\t\t\t\t<p><b>3. H\u00e9bergeur<\/b><\/p><p>L\u2019h\u00e9bergement du pr\u00e9sent site est assur\u00e9 par la soci\u00e9t\u00e9 OVH dont le si\u00e8ge social se situe 2 rue Kellermann \u2013 59100 ROUBAIX, T\u00e9l\u00e9phone 08 203 203 63<\/p>\t\t\t\t\t<\/div>\n\t\t\t\t\t\t<\/div>\n\t\t\t\t<\/div>\n\t\t\t\t<div class=\"elementor-element elementor-element-f089ce7 elementor-widget elementor-widget-text-editor\" data-id=\"f089ce7\" data-element_type=\"widget\" data-widget_type=\"text-editor.default\">\n\t\t\t\t<div class=\"elementor-widget-container\">\n\t\t\t\t\t\t\t\t<div class=\"elementor-text-editor elementor-clearfix\">\n\t\t\t\t<h4>Conditions G\u00e9n\u00e9rales d&#8217;Utilisation<\/h4>\t\t\t\t\t<\/div>\n\t\t\t\t\t\t<\/div>\n\t\t\t\t<\/div>\n\t\t\t\t<div class=\"elementor-element elementor-element-6cc7c8d elementor-widget elementor-widget-text-editor\" data-id=\"6cc7c8d\" data-element_type=\"widget\" data-widget_type=\"text-editor.default\">\n\t\t\t\t<div class=\"elementor-widget-container\">\n\t\t\t\t\t\t\t\t<div class=\"elementor-text-editor elementor-clearfix\">\n\t\t\t\t<p>Conform\u00e9ment aux dispositions des articles 6-III et 198 de la Loi pour la Confiance dans l\u2019Economie Num\u00e9rique (LCEN), nous vous informons que l\u2019utilisation du pr\u00e9sent site web (www.cairn-prehistoire.com) (ci-apr\u00e8s d\u00e9nomm\u00e9 \u00ab le Site \u00bb) est soumis aux pr\u00e9sentes Conditions G\u00e9n\u00e9rales d\u2019Utilisation d\u00e9taill\u00e9es ci-dessous, ainsi qu\u2019aux lois et\/ou r\u00e8glements applicables.<\/p><p>L\u2019utilisation du Site emporte acceptation int\u00e9grale et sans r\u00e9serve par l\u2019utilisateur du Site (ci-apr\u00e8s d\u00e9nomm\u00e9 \u00ab Utilisateur \u00bb) des pr\u00e9sentes. Ces derni\u00e8res \u00e9tant susceptibles d\u2019\u00eatre modifi\u00e9es ou compl\u00e9t\u00e9es \u00e0 tout moment, l\u2019Utilisateur est invit\u00e9 \u00e0 les consulter de mani\u00e8re r\u00e9guli\u00e8re et est r\u00e9put\u00e9 avoir accept\u00e9 la derni\u00e8re version des pr\u00e9sentes du simple fait de sa navigation sur le Site.<\/p>\t\t\t\t\t<\/div>\n\t\t\t\t\t\t<\/div>\n\t\t\t\t<\/div>\n\t\t\t\t<div class=\"elementor-element elementor-element-d60db24 elementor-widget elementor-widget-text-editor\" data-id=\"d60db24\" data-element_type=\"widget\" data-widget_type=\"text-editor.default\">\n\t\t\t\t<div class=\"elementor-widget-container\">\n\t\t\t\t\t\t\t\t<div class=\"elementor-text-editor elementor-clearfix\">\n\t\t\t\t<p><b>1. Propri\u00e9t\u00e9 intellectuelle<\/b><\/p><p>Le pr\u00e9sent site Internet doit \u00eatre consid\u00e9r\u00e9 comme un tout indissociable. Avec l\u2019ensemble des \u00e9l\u00e9ments y figurant (informations, donn\u00e9es, texte, sons, images, dessins, graphismes, signes distinctifs, logos, marques, documents t\u00e9l\u00e9chargeables, etc.), et sauf mention contraire expresse, ils sont la propri\u00e9t\u00e9 exclusive de l\u2019Editeur ou de ses partenaires et sont soumis aux dispositions du Code de la propri\u00e9t\u00e9 intellectuelle. Ils sont, \u00e0 ce titre, prot\u00e9g\u00e9s contre toute utilisation non autoris\u00e9e par la loi ou par les pr\u00e9sentes Conditions G\u00e9n\u00e9rales d\u2019Utilisation.<\/p><p>La reproduction de ces \u00e9l\u00e9ments n\u2019est autoris\u00e9e qu\u2019\u00e0 des fins d\u2019information et\/ou de copies ou reproductions destin\u00e9es \u00e0 un usage strictement priv\u00e9 et personnel. Toute autre reproduction, distribution, modification, adaptation, retransmission ou diffusion, en tout ou partie du contenu de ce site, sur quelque support ou par tout proc\u00e9d\u00e9 que ce soit, est interdite sauf accord expresse par \u00e9crit de la Communaut\u00e9 de Communes Vend\u00e9e Grand Littoral. Le non-respect de cette interdiction constitue une contrefa\u00e7on susceptible d\u2019engager la responsabilit\u00e9 civile et p\u00e9nale du contrefacteur.<\/p>\t\t\t\t\t<\/div>\n\t\t\t\t\t\t<\/div>\n\t\t\t\t<\/div>\n\t\t\t\t<div class=\"elementor-element elementor-element-16a911b elementor-widget elementor-widget-text-editor\" data-id=\"16a911b\" data-element_type=\"widget\" data-widget_type=\"text-editor.default\">\n\t\t\t\t<div class=\"elementor-widget-container\">\n\t\t\t\t\t\t\t\t<div class=\"elementor-text-editor elementor-clearfix\">\n\t\t\t\t<p><b>2. Liens hypertextes <\/b><\/p><p>Si vous laissez un commentaire, le commentaire et ses m\u00e9tadonn\u00e9es sont conserv\u00e9s ind\u00e9finiment. Cela permet de reconna\u00eetre et approuver automatiquement les commentaires suivants au lieu de les laisser dans la file de mod\u00e9ration.<\/p><p>Le pr\u00e9sent Site peut comporter des liens hypertextes vers d\u2019autres sites qui n\u2019ont pas \u00e9t\u00e9 d\u00e9velopp\u00e9s par la Communaut\u00e9 de Communes Vend\u00e9e Grand Littoral.<\/p><p>L\u2019existence sur le Site d\u2019un lien hypertexte conduisant \u00e0 un autre site internet n\u2019implique pas une validation de cet autre site ou de son contenu.<\/p><p>A ce titre, la Communaut\u00e9 de Communes Vend\u00e9e Grand Littoral ne saurait \u00eatre tenue pour responsable de tout dommage, de quelque nature que ce soit, qui r\u00e9sulterait du contenu de ces sites.<\/p><p>L\u2019Utilisateur d\u00e9cide, sous sa seule responsabilit\u00e9, d\u2019acc\u00e9der \u00e0 un autre site par l\u2019interm\u00e9diaire d\u2019un lien hypertexte et \u00e0 ce titre, les risques li\u00e9s \u00e0 cette utilisation incombent pleinement \u00e0 l\u2019Utilisateur.<\/p><p>Tout lien hypertexte redirigeant vers le pr\u00e9sent Site doit faire l\u2019objet d\u2019une autorisation expresse et pr\u00e9alable de l\u2019Editeur, lequel se r\u00e9serve la possibilit\u00e9 de faire supprimer ce lien \u00e0 tout moment.<\/p>\t\t\t\t\t<\/div>\n\t\t\t\t\t\t<\/div>\n\t\t\t\t<\/div>\n\t\t\t\t<div class=\"elementor-element elementor-element-1d273dc elementor-widget elementor-widget-text-editor\" data-id=\"1d273dc\" data-element_type=\"widget\" data-widget_type=\"text-editor.default\">\n\t\t\t\t<div class=\"elementor-widget-container\">\n\t\t\t\t\t\t\t\t<div class=\"elementor-text-editor elementor-clearfix\">\n\t\t\t\t<p><b>3. Protection des donn\u00e9es \u00e0 caract\u00e8re personnel<\/b><\/p><p>Si vous avez un compte ou si vous avez laiss\u00e9 des commentaires sur le site, vous pouvez demander \u00e0 recevoir un fichier contenant toutes les donn\u00e9es personnelles que nous poss\u00e9dons \u00e0 votre sujet, incluant celles que vous nous avez fournies. Vous pouvez \u00e9galement demander la suppression des donn\u00e9es personnelles vous concernant. Cela ne prend pas en compte les donn\u00e9es stock\u00e9es \u00e0 des fins administratives, l\u00e9gales ou pour des raisons de s\u00e9curit\u00e9.<\/p><p>Les Utilisateurs du Site sont susceptibles de communiquer \u00e0 la Communaut\u00e9 de Communes Vend\u00e9e Grand Littoral, en qualit\u00e9 d\u2019Editeur du Site, des donn\u00e9es \u00e0 caract\u00e8re personnel les concernant en renseignant les formulaires pr\u00e9sents sur le Site. Ces donn\u00e9es pourront faire l\u2019objet d\u2019un traitement, conform\u00e9ment \u00e0 la l\u00e9gislation et \u00e0 la r\u00e8glementation en vigueur en mati\u00e8re de protection des donn\u00e9es \u00e0 caract\u00e8re personnel applicable en France, et notamment \u00e0 la loi informatique et libert\u00e9s de 1978 modifi\u00e9e ainsi qu\u2019au R\u00e8glement g\u00e9n\u00e9ral relatif \u00e0 la protection des donn\u00e9es du 27 avril 2016.<\/p><p>Les donn\u00e9es \u00e0 caract\u00e8re personnel collect\u00e9es via les formulaires sur le pr\u00e9sent Site sont collect\u00e9es et trait\u00e9es par la Communaut\u00e9 de Communes Vend\u00e9e Grand Littoral en qualit\u00e9 de responsable de traitement. Dans le cadre de l\u2019utilisation du formulaire de contact, les donn\u00e9es sont l\u00e9gitimement trait\u00e9es dans le cadre de la gestion des demandes de contact, et sont conserv\u00e9es le temps de r\u00e9pondre \u00e0 celles-ci.<\/p><p>Vous disposez de droits sur les donn\u00e9es personnelles vous concernant que nous collectons et traitons dans le cadre de la gestion de vos demandes, que vous pouvez exercer en vous adressant \u00e0 l\u2019adresse dpo@vendeegrandlittoral.fr. Ces droits sont les suivants :<\/p><p>Le droit d\u2019acc\u00e8s, de rectification et de d\u2019effacement des donn\u00e9es ;<\/p><p>Le droit d\u2019opposition au traitement de vos donn\u00e9es pour des raisons tenant \u00e0 votre situation particuli\u00e8re ;<\/p><p>Le droit \u00e0 la limitation du traitement de vos donn\u00e9es dans les conditions pr\u00e9vues par la r\u00e8glementation.<\/p><p>Vous disposez \u00e9galement du droit d\u2019introduire une r\u00e9clamation aupr\u00e8s d\u2019une autorit\u00e9 de contr\u00f4le (CNIL).<\/p>\t\t\t\t\t<\/div>\n\t\t\t\t\t\t<\/div>\n\t\t\t\t<\/div>\n\t\t\t\t<div class=\"elementor-element elementor-element-6a2b08f elementor-widget elementor-widget-text-editor\" data-id=\"6a2b08f\" data-element_type=\"widget\" data-widget_type=\"text-editor.default\">\n\t\t\t\t<div class=\"elementor-widget-container\">\n\t\t\t\t\t\t\t\t<div class=\"elementor-text-editor elementor-clearfix\">\n\t\t\t\t<p><b>4. Loi applicable et juridiction <\/b><\/p><p>Les pr\u00e9sentes Conditions G\u00e9n\u00e9rales d\u2019Utilisation sont soumises \u00e0 la loi fran\u00e7aise. En cas de diff\u00e9rend et \u00e0 d\u00e9faut d\u2019accord amiable, conform\u00e9ment aux r\u00e8gles de comp\u00e9tence en vigueur le litige sera port\u00e9 devant les tribunaux fran\u00e7ais.<\/p>\t\t\t\t\t<\/div>\n\t\t\t\t\t\t<\/div>\n\t\t\t\t<\/div>\n\t\t\t\t<div class=\"elementor-element elementor-element-1d1b7dc elementor-widget elementor-widget-text-editor\" data-id=\"1d1b7dc\" data-element_type=\"widget\" data-widget_type=\"text-editor.default\">\n\t\t\t\t<div class=\"elementor-widget-container\">\n\t\t\t\t\t\t\t\t<div class=\"elementor-text-editor elementor-clearfix\">\n\t\t\t\t<p><strong><span style=\"font-family: var( --e-global-typography-text-font-family ), Sans-serif;\">5. Cookies<\/span><\/strong><\/p><p>Le site que vous visitez utilise des traceurs (cookies). Ainsi, le site est susceptible d\u2019acc\u00e9der \u00e0 des informations d\u00e9j\u00e0 stock\u00e9es dans votre \u00e9quipement terminal de communications \u00e9lectroniques et d\u2019y inscrire des informations.<\/p><p>Les traceurs utilis\u00e9s par le site rel\u00e8vent de deux cat\u00e9gories :<\/p><p>\u2013 traceurs dits strictement n\u00e9cessaires, qui ne n\u00e9cessitent pas votre consentement pr\u00e9alable,<br \/>\u2013 autres traceurs soumis \u00e0 votre consentement pr\u00e9alable \u00e0 savoir :<\/p><p><em>* Traceurs pour suivre les statistiques de fr\u00e9quentation via l\u2019outil Google Analytics<\/em><\/p>\t\t\t\t\t<\/div>\n\t\t\t\t\t\t<\/div>\n\t\t\t\t<\/div>\n\t\t\t\t\t\t<\/div>\n\t\t\t\t\t<\/div>\n\t\t<\/div>\n\t\t\t\t\t\t\t\t<\/div>\n\t\t\t\t\t<\/div>\n\t\t<\/section>\n\t\t\t\t\t\t<\/div>\n\t\t\t\t\t\t<\/div>\n\t\t\t\t\t<\/div>\n\t\t","protected":false},"excerpt":{"rendered":"<p>Mentions l\u00e9gales et confidentialit\u00e9 Mentions L\u00e9gales 1. \u00c9diteur du site L\u2019adresse de notre site Web est : http:\/\/cairn-prehistoire.com. Le pr\u00e9sent&hellip;<\/p>\n","protected":false},"author":1,"featured_media":0,"parent":0,"menu_order":0,"comment_status":"closed","ping_status":"closed","template":"elementor_header_footer","meta":{"_mi_skip_tracking":false,"_monsterinsights_sitenote_active":false,"_monsterinsights_sitenote_note":"","_monsterinsights_sitenote_category":0},"_links":{"self":[{"href":"https:\/\/cairn-prehistoire.com\/index.php\/wp-json\/wp\/v2\/pages\/1421"}],"collection":[{"href":"https:\/\/cairn-prehistoire.com\/index.php\/wp-json\/wp\/v2\/pages"}],"about":[{"href":"https:\/\/cairn-prehistoire.com\/index.php\/wp-json\/wp\/v2\/types\/page"}],"author":[{"embeddable":true,"href":"https:\/\/cairn-prehistoire.com\/index.php\/wp-json\/wp\/v2\/users\/1"}],"replies":[{"embeddable":true,"href":"https:\/\/cairn-prehistoire.com\/index.php\/wp-json\/wp\/v2\/comments?post=1421"}],"version-history":[{"count":0,"href":"https:\/\/cairn-prehistoire.com\/index.php\/wp-json\/wp\/v2\/pages\/1421\/revisions"}],"wp:attachment":[{"href":"https:\/\/cairn-prehistoire.com\/index.php\/wp-json\/wp\/v2\/media?parent=1421"}],"curies":[{"name":"wp","href":"https:\/\/api.w.org\/{rel}","templated":true}]}}