{"id":3122,"date":"2024-02-26T15:32:02","date_gmt":"2024-02-26T14:32:02","guid":{"rendered":"https:\/\/cairn-prehistoire.com\/?page_id=3122"},"modified":"2024-04-03T09:59:37","modified_gmt":"2024-04-03T07:59:37","slug":"localisation","status":"publish","type":"page","link":"https:\/\/cairn-prehistoire.com\/index.php\/localisation\/","title":{"rendered":"Localisation"},"content":{"rendered":"\t\t<div data-elementor-type=\"wp-page\" data-elementor-id=\"3122\" class=\"elementor elementor-3122\" data-elementor-settings=\"[]\">\n\t\t\t\t\t\t<div class=\"elementor-inner\">\n\t\t\t\t\t\t\t<div class=\"elementor-section-wrap\">\n\t\t\t\t\t\t\t<section class=\"elementor-section elementor-top-section elementor-element elementor-element-cbe90e2 elementor-section-content-middle elementor-section-boxed elementor-section-height-default elementor-section-height-default\" data-id=\"cbe90e2\" data-element_type=\"section\" data-settings=\"{&quot;background_background&quot;:&quot;classic&quot;,&quot;shape_divider_top&quot;:&quot;pyramids&quot;}\">\n\t\t\t\t\t<div class=\"elementor-shape elementor-shape-top\" data-negative=\"false\">\n\t\t\t<svg xmlns=\"http:\/\/www.w3.org\/2000\/svg\" viewBox=\"0 0 1000 100\" preserveAspectRatio=\"none\">\n\t<path class=\"elementor-shape-fill\" d=\"M761.9,44.1L643.1,27.2L333.8,98L0,3.8V0l1000,0v3.9\"\/>\n<\/svg>\t\t<\/div>\n\t\t\t\t\t<div class=\"elementor-container elementor-column-gap-default\">\n\t\t\t\t\t\t\t<div class=\"elementor-row\">\n\t\t\t\t\t<div class=\"elementor-column elementor-col-100 elementor-top-column elementor-element elementor-element-2497032\" data-id=\"2497032\" data-element_type=\"column\">\n\t\t\t<div class=\"elementor-column-wrap elementor-element-populated\">\n\t\t\t\t\t\t\t<div class=\"elementor-widget-wrap\">\n\t\t\t\t\t\t<div class=\"elementor-element elementor-element-6a61b2c elementor-widget-divider--view-line elementor-widget elementor-widget-divider\" data-id=\"6a61b2c\" data-element_type=\"widget\" data-widget_type=\"divider.default\">\n\t\t\t\t<div class=\"elementor-widget-container\">\n\t\t\t\t\t<div class=\"elementor-divider\">\n\t\t\t<span class=\"elementor-divider-separator\">\n\t\t\t\t\t\t<\/span>\n\t\t<\/div>\n\t\t\t\t<\/div>\n\t\t\t\t<\/div>\n\t\t\t\t\t\t<\/div>\n\t\t\t\t\t<\/div>\n\t\t<\/div>\n\t\t\t\t\t\t\t\t<\/div>\n\t\t\t\t\t<\/div>\n\t\t<\/section>\n\t\t\t\t<section class=\"elementor-section elementor-top-section elementor-element elementor-element-798f8b2 elementor-section-boxed elementor-section-height-default elementor-section-height-default\" data-id=\"798f8b2\" data-element_type=\"section\" data-settings=\"{&quot;shape_divider_top&quot;:&quot;pyramids&quot;}\">\n\t\t\t\t\t<div class=\"elementor-shape elementor-shape-top\" data-negative=\"false\">\n\t\t\t<svg xmlns=\"http:\/\/www.w3.org\/2000\/svg\" viewBox=\"0 0 1000 100\" preserveAspectRatio=\"none\">\n\t<path class=\"elementor-shape-fill\" d=\"M761.9,44.1L643.1,27.2L333.8,98L0,3.8V0l1000,0v3.9\"\/>\n<\/svg>\t\t<\/div>\n\t\t\t\t\t<div class=\"elementor-container elementor-column-gap-default\">\n\t\t\t\t\t\t\t<div class=\"elementor-row\">\n\t\t\t\t\t<div class=\"elementor-column elementor-col-100 elementor-top-column elementor-element elementor-element-aa6a38d\" data-id=\"aa6a38d\" data-element_type=\"column\">\n\t\t\t<div class=\"elementor-column-wrap elementor-element-populated\">\n\t\t\t\t\t\t\t<div class=\"elementor-widget-wrap\">\n\t\t\t\t\t\t<div class=\"elementor-element elementor-element-4aef74e elementor-widget elementor-widget-heading\" data-id=\"4aef74e\" data-element_type=\"widget\" data-widget_type=\"heading.default\">\n\t\t\t\t<div class=\"elementor-widget-container\">\n\t\t\t<h2 class=\"elementor-heading-title elementor-size-default\">Venir au Pr\u00e9histo'site<\/h2>\t\t<\/div>\n\t\t\t\t<\/div>\n\t\t\t\t<div class=\"elementor-element elementor-element-68708e2 elementor-widget elementor-widget-text-editor\" data-id=\"68708e2\" data-element_type=\"widget\" data-widget_type=\"text-editor.default\">\n\t\t\t\t<div class=\"elementor-widget-container\">\n\t\t\t\t\t\t\t\t<div class=\"elementor-text-editor elementor-clearfix\">\n\t\t\t\t<p>Le Pr\u00e9histo\u2019site du CAIRN est situ\u00e9 \u00e0 SAINT HILAIRE LA FOR\u00caT en Vend\u00e9e, \u00e0 10 min des plages de la c\u00f4te Atlantique.<\/p><p style=\"text-align: center;\"><strong>Pr\u00e9histo\u2019site du CAIRN<\/strong><br \/>rue de la Courolle (route de Longeville sur Mer)<br \/>85440 SAINT HILAIRE LA FOR\u00caT<\/p>\t\t\t\t\t<\/div>\n\t\t\t\t\t\t<\/div>\n\t\t\t\t<\/div>\n\t\t\t\t\t\t<\/div>\n\t\t\t\t\t<\/div>\n\t\t<\/div>\n\t\t\t\t\t\t\t\t<\/div>\n\t\t\t\t\t<\/div>\n\t\t<\/section>\n\t\t\t\t<section class=\"elementor-section elementor-top-section elementor-element elementor-element-97c97e9 elementor-section-boxed elementor-section-height-default elementor-section-height-default\" data-id=\"97c97e9\" data-element_type=\"section\">\n\t\t\t\t\t\t<div class=\"elementor-container elementor-column-gap-wide\">\n\t\t\t\t\t\t\t<div class=\"elementor-row\">\n\t\t\t\t\t<div class=\"elementor-column elementor-col-33 elementor-top-column elementor-element elementor-element-0be387e\" data-id=\"0be387e\" data-element_type=\"column\" data-settings=\"{&quot;background_background&quot;:&quot;classic&quot;}\">\n\t\t\t<div class=\"elementor-column-wrap elementor-element-populated\">\n\t\t\t\t\t\t\t<div class=\"elementor-widget-wrap\">\n\t\t\t\t\t\t<div class=\"elementor-element elementor-element-4d1f601 elementor-widget elementor-widget-google_maps\" data-id=\"4d1f601\" data-element_type=\"widget\" data-widget_type=\"google_maps.default\">\n\t\t\t\t<div class=\"elementor-widget-container\">\n\t\t\t\t\t<div class=\"elementor-custom-embed\">\n\t\t\t<iframe frameborder=\"0\" scrolling=\"no\" marginheight=\"0\" marginwidth=\"0\"\n\t\t\t\t\tsrc=\"https:\/\/maps.google.com\/maps?q=Pr%C3%A9histo%27site&#038;t=m&#038;z=9&#038;output=embed&#038;iwloc=near\"\n\t\t\t\t\ttitle=\"Pr\u00e9histo&#039;site\"\n\t\t\t\t\taria-label=\"Pr\u00e9histo&#039;site\"\n\t\t\t><\/iframe>\n\t\t<\/div>\n\t\t\t\t<\/div>\n\t\t\t\t<\/div>\n\t\t\t\t\t\t<\/div>\n\t\t\t\t\t<\/div>\n\t\t<\/div>\n\t\t\t\t<div class=\"elementor-column elementor-col-33 elementor-top-column elementor-element elementor-element-ff9b7f5\" data-id=\"ff9b7f5\" data-element_type=\"column\" data-settings=\"{&quot;background_background&quot;:&quot;classic&quot;}\">\n\t\t\t<div class=\"elementor-column-wrap elementor-element-populated\">\n\t\t\t\t\t\t\t<div class=\"elementor-widget-wrap\">\n\t\t\t\t\t\t<div class=\"elementor-element elementor-element-834d8ee elementor-widget elementor-widget-heading\" data-id=\"834d8ee\" data-element_type=\"widget\" data-widget_type=\"heading.default\">\n\t\t\t\t<div class=\"elementor-widget-container\">\n\t\t\t<h4 class=\"elementor-heading-title elementor-size-default\">Comment venir ?<\/h4>\t\t<\/div>\n\t\t\t\t<\/div>\n\t\t\t\t<div class=\"elementor-element elementor-element-34f156d elementor-widget elementor-widget-text-editor\" data-id=\"34f156d\" data-element_type=\"widget\" data-widget_type=\"text-editor.default\">\n\t\t\t\t<div class=\"elementor-widget-container\">\n\t\t\t\t\t\t\t\t<div class=\"elementor-text-editor elementor-clearfix\">\n\t\t\t\t<p><strong>\u2192 Depuis La Roche sur Yon :<\/strong><br \/>Direction Moutiers les Mauxfaits (La Tranche sur Mer)<\/p><p><strong>\u2192 Depuis Les Sables d\u2019Olonne :<\/strong><br \/>Direction Lu\u00e7on (La Rochelle)<\/p><p><strong>\u2192 Depuis Lu\u00e7on :<\/strong><br \/>Direction Les Sables d\u2019Olonne<\/p>\t\t\t\t\t<\/div>\n\t\t\t\t\t\t<\/div>\n\t\t\t\t<\/div>\n\t\t\t\t\t\t<\/div>\n\t\t\t\t\t<\/div>\n\t\t<\/div>\n\t\t\t\t<div class=\"elementor-column elementor-col-33 elementor-top-column elementor-element elementor-element-ff1a705\" data-id=\"ff1a705\" data-element_type=\"column\" data-settings=\"{&quot;background_background&quot;:&quot;classic&quot;}\">\n\t\t\t<div class=\"elementor-column-wrap elementor-element-populated\">\n\t\t\t\t\t\t\t<div class=\"elementor-widget-wrap\">\n\t\t\t\t\t\t<div class=\"elementor-element elementor-element-0c84847 elementor-widget elementor-widget-text-editor\" data-id=\"0c84847\" data-element_type=\"widget\" data-widget_type=\"text-editor.default\">\n\t\t\t\t<div class=\"elementor-widget-container\">\n\t\t\t\t\t\t\t\t<div class=\"elementor-text-editor elementor-clearfix\">\n\t\t\t\t<p><img loading=\"lazy\" class=\"wp-image-283 alignright\" src=\"http:\/\/cairn-prehistoire.com\/wp-content\/uploads\/2020\/12\/0003_label_accueil_velo-150x150.png\" alt=\"\" width=\"95\" height=\"95\" srcset=\"https:\/\/cairn-prehistoire.com\/wp-content\/uploads\/2020\/12\/0003_label_accueil_velo-150x150.png 150w, https:\/\/cairn-prehistoire.com\/wp-content\/uploads\/2020\/12\/0003_label_accueil_velo-100x100.png 100w, https:\/\/cairn-prehistoire.com\/wp-content\/uploads\/2020\/12\/0003_label_accueil_velo.png 190w\" sizes=\"(max-width: 95px) 100vw, 95px\" \/><strong>Le Pr\u00e9histo\u2019site est labellis\u00e9 \u00ab Accueil V\u00e9lo \u00bb !<\/strong><\/p><p>Depuis les pistes cyclables situ\u00e9es \u00e0 proximit\u00e9, venez jusqu\u2019\u00e0 l\u2019accueil. Vous y trouverez un emplacement pour garer votre v\u00e9lo, un kit de r\u00e9paration en cas de besoin\u2026 <\/p>\t\t\t\t\t<\/div>\n\t\t\t\t\t\t<\/div>\n\t\t\t\t<\/div>\n\t\t\t\t<div class=\"elementor-element elementor-element-b45fb22 elementor-align-center elementor-widget elementor-widget-button\" data-id=\"b45fb22\" data-element_type=\"widget\" data-widget_type=\"button.default\">\n\t\t\t\t<div class=\"elementor-widget-container\">\n\t\t\t\t\t<div class=\"elementor-button-wrapper\">\n\t\t\t<a href=\"https:\/\/www.destination-vendeegrandlittoral.com\/quoi-faire\/balade\/a-velo\/\" target=\"_blank\" class=\"elementor-button-link elementor-button elementor-size-sm\" role=\"button\">\n\t\t\t\t\t\t<span class=\"elementor-button-content-wrapper\">\n\t\t\t\t\t\t<span class=\"elementor-button-text\">Cliquez ici pour acc\u00e9der au plan des pistes cyclables<\/span>\n\t\t<\/span>\n\t\t\t\t\t<\/a>\n\t\t<\/div>\n\t\t\t\t<\/div>\n\t\t\t\t<\/div>\n\t\t\t\t\t\t<\/div>\n\t\t\t\t\t<\/div>\n\t\t<\/div>\n\t\t\t\t\t\t\t\t<\/div>\n\t\t\t\t\t<\/div>\n\t\t<\/section>\n\t\t\t\t<section class=\"elementor-section elementor-top-section elementor-element elementor-element-fc7cc74 elementor-section-boxed elementor-section-height-default elementor-section-height-default\" data-id=\"fc7cc74\" data-element_type=\"section\" data-settings=\"{&quot;background_background&quot;:&quot;classic&quot;}\">\n\t\t\t\t\t\t<div class=\"elementor-container elementor-column-gap-default\">\n\t\t\t\t\t\t\t<div class=\"elementor-row\">\n\t\t\t\t\t<div class=\"elementor-column elementor-col-25 elementor-top-column elementor-element elementor-element-4e29e09\" data-id=\"4e29e09\" data-element_type=\"column\">\n\t\t\t<div class=\"elementor-column-wrap elementor-element-populated\">\n\t\t\t\t\t\t\t<div class=\"elementor-widget-wrap\">\n\t\t\t\t\t\t<div class=\"elementor-element elementor-element-0a61986 elementor-widget elementor-widget-image\" data-id=\"0a61986\" data-element_type=\"widget\" data-widget_type=\"image.default\">\n\t\t\t\t<div class=\"elementor-widget-container\">\n\t\t\t\t\t\t\t\t<div class=\"elementor-image\">\n\t\t\t\t\t\t\t\t\t\t\t\t\t<a href=\"https:\/\/www.viamichelin.fr\/\" target=\"_blank\">\n\t\t\t\t\t\t\t<img src=\"https:\/\/cairn-prehistoire.com\/wp-content\/uploads\/elementor\/thumbs\/Etoile-Michelin-2023-qm5o2qejm19xzkixbzfckojlwr4sajaimbkv7f2jdg.png\" title=\"Etoile-Michelin-2023\" alt=\"Etoile-Michelin-2023\" \/>\t\t\t\t\t\t\t\t<\/a>\n\t\t\t\t\t\t\t\t\t\t\t\t\t\t<\/div>\n\t\t\t\t\t\t<\/div>\n\t\t\t\t<\/div>\n\t\t\t\t\t\t<\/div>\n\t\t\t\t\t<\/div>\n\t\t<\/div>\n\t\t\t\t<div class=\"elementor-column elementor-col-25 elementor-top-column elementor-element elementor-element-6e8ea1e\" data-id=\"6e8ea1e\" data-element_type=\"column\">\n\t\t\t<div class=\"elementor-column-wrap elementor-element-populated\">\n\t\t\t\t\t\t\t<div class=\"elementor-widget-wrap\">\n\t\t\t\t\t\t<div class=\"elementor-element elementor-element-78730de elementor-widget elementor-widget-image\" data-id=\"78730de\" data-element_type=\"widget\" data-widget_type=\"image.default\">\n\t\t\t\t<div class=\"elementor-widget-container\">\n\t\t\t\t\t\t\t\t<div class=\"elementor-image\">\n\t\t\t\t\t\t\t\t\t\t\t\t\t<a href=\"https:\/\/www.tripadvisor.fr\/Attraction_Review-g7116664-d3454133-Reviews-Prehisto_site_du_CAIRN-Saint_Hilaire_la_Foret_Vendee_Pays_de_la_Loire.html\" target=\"_blank\">\n\t\t\t\t\t\t\t<img width=\"137\" height=\"133\" src=\"https:\/\/cairn-prehistoire.com\/wp-content\/uploads\/2020\/12\/trip_advisor.png\" class=\"attachment-large size-large\" alt=\"\" loading=\"lazy\" \/>\t\t\t\t\t\t\t\t<\/a>\n\t\t\t\t\t\t\t\t\t\t\t\t\t\t<\/div>\n\t\t\t\t\t\t<\/div>\n\t\t\t\t<\/div>\n\t\t\t\t\t\t<\/div>\n\t\t\t\t\t<\/div>\n\t\t<\/div>\n\t\t\t\t<div class=\"elementor-column elementor-col-25 elementor-top-column elementor-element elementor-element-40dc89a\" data-id=\"40dc89a\" data-element_type=\"column\">\n\t\t\t<div class=\"elementor-column-wrap elementor-element-populated\">\n\t\t\t\t\t\t\t<div class=\"elementor-widget-wrap\">\n\t\t\t\t\t\t<div class=\"elementor-element elementor-element-5e02766 elementor-widget elementor-widget-image\" data-id=\"5e02766\" data-element_type=\"widget\" data-widget_type=\"image.default\">\n\t\t\t\t<div class=\"elementor-widget-container\">\n\t\t\t\t\t\t\t\t<div class=\"elementor-image\">\n\t\t\t\t\t\t\t\t\t\t\t\t\t<a href=\"https:\/\/www.petitfute.com\/v28907-saint-hilaire-la-foret-85440\/c1173-visites-points-d-interet\/c958-musee\/c964-musee-specialise\/273649-prehisto-site-du-cairn.html\" target=\"_blank\">\n\t\t\t\t\t\t\t<img width=\"124\" height=\"124\" src=\"https:\/\/cairn-prehistoire.com\/wp-content\/uploads\/2020\/12\/petitfute.png\" class=\"attachment-large size-large\" alt=\"\" loading=\"lazy\" srcset=\"https:\/\/cairn-prehistoire.com\/wp-content\/uploads\/2020\/12\/petitfute.png 124w, https:\/\/cairn-prehistoire.com\/wp-content\/uploads\/2020\/12\/petitfute-100x100.png 100w\" sizes=\"(max-width: 124px) 100vw, 124px\" \/>\t\t\t\t\t\t\t\t<\/a>\n\t\t\t\t\t\t\t\t\t\t\t\t\t\t<\/div>\n\t\t\t\t\t\t<\/div>\n\t\t\t\t<\/div>\n\t\t\t\t\t\t<\/div>\n\t\t\t\t\t<\/div>\n\t\t<\/div>\n\t\t\t\t<div class=\"elementor-column elementor-col-25 elementor-top-column elementor-element elementor-element-4cd0b51\" data-id=\"4cd0b51\" data-element_type=\"column\">\n\t\t\t<div class=\"elementor-column-wrap elementor-element-populated\">\n\t\t\t\t\t\t\t<div class=\"elementor-widget-wrap\">\n\t\t\t\t\t\t<div class=\"elementor-element elementor-element-9b6eb77 elementor-widget elementor-widget-image\" data-id=\"9b6eb77\" data-element_type=\"widget\" data-widget_type=\"image.default\">\n\t\t\t\t<div class=\"elementor-widget-container\">\n\t\t\t\t\t\t\t\t<div class=\"elementor-image\">\n\t\t\t\t\t\t\t\t\t\t\t\t\t<a href=\"https:\/\/www.francevelotourisme.com\/loisirs\/musees-et-sites-touristiques\/prehisto-site-du-cairn\" target=\"_blank\">\n\t\t\t\t\t\t\t<img src=\"https:\/\/cairn-prehistoire.com\/wp-content\/uploads\/elementor\/thumbs\/0003_label_accueil_velo-p0miwsg5er66xllzexcuxoxghgupqzn0g7l94g1pxw.png\" title=\"0003_label_accueil_velo\" alt=\"0003_label_accueil_velo\" \/>\t\t\t\t\t\t\t\t<\/a>\n\t\t\t\t\t\t\t\t\t\t\t\t\t\t<\/div>\n\t\t\t\t\t\t<\/div>\n\t\t\t\t<\/div>\n\t\t\t\t\t\t<\/div>\n\t\t\t\t\t<\/div>\n\t\t<\/div>\n\t\t\t\t\t\t\t\t<\/div>\n\t\t\t\t\t<\/div>\n\t\t<\/section>\n\t\t\t\t<section class=\"elementor-section elementor-top-section elementor-element elementor-element-e04597d elementor-section-boxed elementor-section-height-default elementor-section-height-default\" data-id=\"e04597d\" data-element_type=\"section\">\n\t\t\t\t\t\t\t<div class=\"elementor-background-overlay\"><\/div>\n\t\t\t\t\t\t\t<div class=\"elementor-container elementor-column-gap-default\">\n\t\t\t\t\t\t\t<div class=\"elementor-row\">\n\t\t\t\t\t<div class=\"elementor-column elementor-col-33 elementor-top-column elementor-element elementor-element-771aa89\" data-id=\"771aa89\" data-element_type=\"column\">\n\t\t\t<div class=\"elementor-column-wrap elementor-element-populated\">\n\t\t\t\t\t\t\t<div class=\"elementor-widget-wrap\">\n\t\t\t\t\t\t<div class=\"elementor-element elementor-element-7b39d34 elementor-widget elementor-widget-image\" data-id=\"7b39d34\" data-element_type=\"widget\" data-widget_type=\"image.default\">\n\t\t\t\t<div class=\"elementor-widget-container\">\n\t\t\t\t\t\t\t\t<div class=\"elementor-image\">\n\t\t\t\t\t\t\t\t\t\t\t\t\t<a href=\"https:\/\/www.gites-de-france.com\/fr\" target=\"_blank\">\n\t\t\t\t\t\t\t<img src=\"https:\/\/cairn-prehistoire.com\/wp-content\/uploads\/elementor\/thumbs\/Gites_de_France_logo.svg_-qk86zomihmhdr0cm5e5wnmax6aq13tmpq8g9ez9f94.png\" title=\"G\u00eetes_de_France_(logo).svg\" alt=\"G\u00eetes_de_France_(logo).svg\" \/>\t\t\t\t\t\t\t\t<\/a>\n\t\t\t\t\t\t\t\t\t\t\t\t\t\t<\/div>\n\t\t\t\t\t\t<\/div>\n\t\t\t\t<\/div>\n\t\t\t\t\t\t<\/div>\n\t\t\t\t\t<\/div>\n\t\t<\/div>\n\t\t\t\t<div class=\"elementor-column elementor-col-33 elementor-top-column elementor-element elementor-element-bcf39c1\" data-id=\"bcf39c1\" data-element_type=\"column\">\n\t\t\t<div class=\"elementor-column-wrap elementor-element-populated\">\n\t\t\t\t\t\t\t<div class=\"elementor-widget-wrap\">\n\t\t\t\t\t\t<div class=\"elementor-element elementor-element-1fa7cb1 elementor-widget elementor-widget-image\" data-id=\"1fa7cb1\" data-element_type=\"widget\" data-widget_type=\"image.default\">\n\t\t\t\t<div class=\"elementor-widget-container\">\n\t\t\t\t\t\t\t\t<div class=\"elementor-image\">\n\t\t\t\t\t\t\t\t\t\t\t\t\t<a href=\"https:\/\/vendeevelo.vendee-tourisme.com\/\">\n\t\t\t\t\t\t\t<img src=\"https:\/\/cairn-prehistoire.com\/wp-content\/uploads\/elementor\/thumbs\/Vendee_Velo_Tour_Quadri-qk87keyd3ozgp95l32jtaho2rvyq4wt4x0j21u4luc.png\" title=\"Vendee_Velo_Tour_Quadri\" alt=\"Vendee_Velo_Tour_Quadri\" \/>\t\t\t\t\t\t\t\t<\/a>\n\t\t\t\t\t\t\t\t\t\t\t\t\t\t<\/div>\n\t\t\t\t\t\t<\/div>\n\t\t\t\t<\/div>\n\t\t\t\t\t\t<\/div>\n\t\t\t\t\t<\/div>\n\t\t<\/div>\n\t\t\t\t<div class=\"elementor-column elementor-col-33 elementor-top-column elementor-element elementor-element-553f845\" data-id=\"553f845\" data-element_type=\"column\">\n\t\t\t<div class=\"elementor-column-wrap elementor-element-populated\">\n\t\t\t\t\t\t\t<div class=\"elementor-widget-wrap\">\n\t\t\t\t\t\t<div class=\"elementor-element elementor-element-bf22ed1 elementor-widget elementor-widget-spacer\" data-id=\"bf22ed1\" data-element_type=\"widget\" data-widget_type=\"spacer.default\">\n\t\t\t\t<div class=\"elementor-widget-container\">\n\t\t\t\t\t<div class=\"elementor-spacer\">\n\t\t\t<div class=\"elementor-spacer-inner\"><\/div>\n\t\t<\/div>\n\t\t\t\t<\/div>\n\t\t\t\t<\/div>\n\t\t\t\t<div class=\"elementor-element elementor-element-bc17526 elementor-widget elementor-widget-image\" data-id=\"bc17526\" data-element_type=\"widget\" data-widget_type=\"image.default\">\n\t\t\t\t<div class=\"elementor-widget-container\">\n\t\t\t\t\t\t\t\t<div class=\"elementor-image\">\n\t\t\t\t\t\t\t\t\t\t\t\t\t<a href=\"https:\/\/www.vendee-tourisme.com\/\" target=\"_blank\">\n\t\t\t\t\t\t\t<img src=\"https:\/\/cairn-prehistoire.com\/wp-content\/uploads\/elementor\/thumbs\/EN-VENDEE_Kit-communication_2023-qkduxbvsfwrjyh4932r4sl06vy3vyfbzs6et4lc1kq.jpg\" title=\"EN-VENDEE_Kit-communication_2023\" alt=\"EN-VENDEE_Kit-communication_2023\" \/>\t\t\t\t\t\t\t\t<\/a>\n\t\t\t\t\t\t\t\t\t\t\t\t\t\t<\/div>\n\t\t\t\t\t\t<\/div>\n\t\t\t\t<\/div>\n\t\t\t\t\t\t<\/div>\n\t\t\t\t\t<\/div>\n\t\t<\/div>\n\t\t\t\t\t\t\t\t<\/div>\n\t\t\t\t\t<\/div>\n\t\t<\/section>\n\t\t\t\t\t\t<\/div>\n\t\t\t\t\t\t<\/div>\n\t\t\t\t\t<\/div>\n\t\t","protected":false},"excerpt":{"rendered":"<p>Venir au Pr\u00e9histo&#8217;site Le Pr\u00e9histo\u2019site du CAIRN est situ\u00e9 \u00e0 SAINT HILAIRE LA FOR\u00caT en Vend\u00e9e, \u00e0 10 min des&hellip;<\/p>\n","protected":false},"author":1,"featured_media":0,"parent":0,"menu_order":0,"comment_status":"closed","ping_status":"closed","template":"elementor_header_footer","meta":{"_mi_skip_tracking":false,"_monsterinsights_sitenote_active":false,"_monsterinsights_sitenote_note":"","_monsterinsights_sitenote_category":0},"_links":{"self":[{"href":"https:\/\/cairn-prehistoire.com\/index.php\/wp-json\/wp\/v2\/pages\/3122"}],"collection":[{"href":"https:\/\/cairn-prehistoire.com\/index.php\/wp-json\/wp\/v2\/pages"}],"about":[{"href":"https:\/\/cairn-prehistoire.com\/index.php\/wp-json\/wp\/v2\/types\/page"}],"author":[{"embeddable":true,"href":"https:\/\/cairn-prehistoire.com\/index.php\/wp-json\/wp\/v2\/users\/1"}],"replies":[{"embeddable":true,"href":"https:\/\/cairn-prehistoire.com\/index.php\/wp-json\/wp\/v2\/comments?post=3122"}],"version-history":[{"count":14,"href":"https:\/\/cairn-prehistoire.com\/index.php\/wp-json\/wp\/v2\/pages\/3122\/revisions"}],"predecessor-version":[{"id":3292,"href":"https:\/\/cairn-prehistoire.com\/index.php\/wp-json\/wp\/v2\/pages\/3122\/revisions\/3292"}],"wp:attachment":[{"href":"https:\/\/cairn-prehistoire.com\/index.php\/wp-json\/wp\/v2\/media?parent=3122"}],"curies":[{"name":"wp","href":"https:\/\/api.w.org\/{rel}","templated":true}]}}