{"id":3402,"date":"2024-07-01T14:06:51","date_gmt":"2024-07-01T12:06:51","guid":{"rendered":"https:\/\/cairn-prehistoire.com\/?page_id=3402"},"modified":"2026-03-17T10:51:08","modified_gmt":"2026-03-17T09:51:08","slug":"infos-pratiques","status":"publish","type":"page","link":"https:\/\/cairn-prehistoire.com\/index.php\/infos-pratiques\/","title":{"rendered":"Infos pratiques"},"content":{"rendered":"\t\t<div data-elementor-type=\"wp-page\" data-elementor-id=\"3402\" class=\"elementor elementor-3402\" data-elementor-settings=\"[]\">\n\t\t\t\t\t\t<div class=\"elementor-inner\">\n\t\t\t\t\t\t\t<div class=\"elementor-section-wrap\">\n\t\t\t\t\t\t\t<section class=\"elementor-section elementor-top-section elementor-element elementor-element-8a1fec7 elementor-section-boxed elementor-section-height-default elementor-section-height-default\" data-id=\"8a1fec7\" data-element_type=\"section\">\n\t\t\t\t\t\t<div class=\"elementor-container elementor-column-gap-default\">\n\t\t\t\t\t\t\t<div class=\"elementor-row\">\n\t\t\t\t\t<div class=\"elementor-column elementor-col-100 elementor-top-column elementor-element elementor-element-b92fa15\" data-id=\"b92fa15\" data-element_type=\"column\">\n\t\t\t<div class=\"elementor-column-wrap elementor-element-populated\">\n\t\t\t\t\t\t\t<div class=\"elementor-widget-wrap\">\n\t\t\t\t\t\t<div class=\"elementor-element elementor-element-690304b elementor-widget elementor-widget-text-editor\" data-id=\"690304b\" data-element_type=\"widget\" data-widget_type=\"text-editor.default\">\n\t\t\t\t<div class=\"elementor-widget-container\">\n\t\t\t\t\t\t\t\t<div class=\"elementor-text-editor elementor-clearfix\">\n\t\t\t\t<ul><li><h1><a href=\"https:\/\/cairn-prehistoire.com\/index.php\/calendrier-des-evenements\/\">Calendriers et Tarifs<\/a><\/h1><\/li><li><h1><a href=\"https:\/\/cairn-prehistoire.com\/index.php\/localisation\/\">Localisation<\/a><\/h1><\/li><li><h1><a href=\"https:\/\/cairn-prehistoire.com\/index.php\/services\/\">Services<\/a><\/h1><\/li><li><h1><a href=\"https:\/\/cairn-prehistoire.com\/index.php\/accessibilite\/\">Accessibilit\u00e9<\/a><\/h1><\/li><li><h1><a href=\"https:\/\/cairn-prehistoire.com\/wp-content\/uploads\/2026\/02\/depliant-4-pages-prehisto-2026-web-1.pdf\" target=\"_blank\" rel=\"noopener\">T\u00e9l\u00e9charger la brochure<\/a><\/h1><\/li><\/ul>\t\t\t\t\t<\/div>\n\t\t\t\t\t\t<\/div>\n\t\t\t\t<\/div>\n\t\t\t\t\t\t<\/div>\n\t\t\t\t\t<\/div>\n\t\t<\/div>\n\t\t\t\t\t\t\t\t<\/div>\n\t\t\t\t\t<\/div>\n\t\t<\/section>\n\t\t\t\t\t\t<\/div>\n\t\t\t\t\t\t<\/div>\n\t\t\t\t\t<\/div>\n\t\t","protected":false},"excerpt":{"rendered":"<p>Calendriers et Tarifs Localisation Services Accessibilit\u00e9 T\u00e9l\u00e9charger la brochure<\/p>\n","protected":false},"author":1,"featured_media":0,"parent":0,"menu_order":0,"comment_status":"closed","ping_status":"closed","template":"","meta":{"_mi_skip_tracking":false,"_monsterinsights_sitenote_active":false,"_monsterinsights_sitenote_note":"","_monsterinsights_sitenote_category":0},"_links":{"self":[{"href":"https:\/\/cairn-prehistoire.com\/index.php\/wp-json\/wp\/v2\/pages\/3402"}],"collection":[{"href":"https:\/\/cairn-prehistoire.com\/index.php\/wp-json\/wp\/v2\/pages"}],"about":[{"href":"https:\/\/cairn-prehistoire.com\/index.php\/wp-json\/wp\/v2\/types\/page"}],"author":[{"embeddable":true,"href":"https:\/\/cairn-prehistoire.com\/index.php\/wp-json\/wp\/v2\/users\/1"}],"replies":[{"embeddable":true,"href":"https:\/\/cairn-prehistoire.com\/index.php\/wp-json\/wp\/v2\/comments?post=3402"}],"version-history":[{"count":7,"href":"https:\/\/cairn-prehistoire.com\/index.php\/wp-json\/wp\/v2\/pages\/3402\/revisions"}],"predecessor-version":[{"id":3728,"href":"https:\/\/cairn-prehistoire.com\/index.php\/wp-json\/wp\/v2\/pages\/3402\/revisions\/3728"}],"wp:attachment":[{"href":"https:\/\/cairn-prehistoire.com\/index.php\/wp-json\/wp\/v2\/media?parent=3402"}],"curies":[{"name":"wp","href":"https:\/\/api.w.org\/{rel}","templated":true}]}}