{"id":504,"date":"2021-01-09T12:54:36","date_gmt":"2021-01-09T11:54:36","guid":{"rendered":"http:\/\/cairn-prehistoire.com\/?page_id=504"},"modified":"2024-04-03T10:00:49","modified_gmt":"2024-04-03T08:00:49","slug":"accessibilite","status":"publish","type":"page","link":"https:\/\/cairn-prehistoire.com\/index.php\/accessibilite\/","title":{"rendered":"Accessibilit\u00e9"},"content":{"rendered":"\t\t<div data-elementor-type=\"wp-page\" data-elementor-id=\"504\" class=\"elementor elementor-504\" data-elementor-settings=\"[]\">\n\t\t\t\t\t\t<div class=\"elementor-inner\">\n\t\t\t\t\t\t\t<div class=\"elementor-section-wrap\">\n\t\t\t\t\t\t\t<section class=\"elementor-section elementor-top-section elementor-element elementor-element-cbe90e2 elementor-section-content-middle elementor-section-boxed elementor-section-height-default elementor-section-height-default\" data-id=\"cbe90e2\" data-element_type=\"section\" data-settings=\"{&quot;background_background&quot;:&quot;classic&quot;,&quot;shape_divider_top&quot;:&quot;pyramids&quot;}\">\n\t\t\t\t\t<div class=\"elementor-shape elementor-shape-top\" data-negative=\"false\">\n\t\t\t<svg xmlns=\"http:\/\/www.w3.org\/2000\/svg\" viewBox=\"0 0 1000 100\" preserveAspectRatio=\"none\">\n\t<path class=\"elementor-shape-fill\" d=\"M761.9,44.1L643.1,27.2L333.8,98L0,3.8V0l1000,0v3.9\"\/>\n<\/svg>\t\t<\/div>\n\t\t\t\t\t<div class=\"elementor-container elementor-column-gap-default\">\n\t\t\t\t\t\t\t<div class=\"elementor-row\">\n\t\t\t\t\t<div class=\"elementor-column elementor-col-100 elementor-top-column elementor-element elementor-element-2497032\" data-id=\"2497032\" data-element_type=\"column\">\n\t\t\t<div class=\"elementor-column-wrap elementor-element-populated\">\n\t\t\t\t\t\t\t<div class=\"elementor-widget-wrap\">\n\t\t\t\t\t\t<div class=\"elementor-element elementor-element-6a61b2c elementor-widget-divider--view-line elementor-widget elementor-widget-divider\" data-id=\"6a61b2c\" data-element_type=\"widget\" data-widget_type=\"divider.default\">\n\t\t\t\t<div class=\"elementor-widget-container\">\n\t\t\t\t\t<div class=\"elementor-divider\">\n\t\t\t<span class=\"elementor-divider-separator\">\n\t\t\t\t\t\t<\/span>\n\t\t<\/div>\n\t\t\t\t<\/div>\n\t\t\t\t<\/div>\n\t\t\t\t\t\t<\/div>\n\t\t\t\t\t<\/div>\n\t\t<\/div>\n\t\t\t\t\t\t\t\t<\/div>\n\t\t\t\t\t<\/div>\n\t\t<\/section>\n\t\t\t\t<section class=\"elementor-section elementor-top-section elementor-element elementor-element-b27c811 elementor-section-boxed elementor-section-height-default elementor-section-height-default\" data-id=\"b27c811\" data-element_type=\"section\" data-settings=\"{&quot;shape_divider_top&quot;:&quot;mountains&quot;,&quot;shape_divider_bottom&quot;:&quot;pyramids&quot;}\">\n\t\t\t\t\t<div class=\"elementor-shape elementor-shape-top\" data-negative=\"false\">\n\t\t\t<svg xmlns=\"http:\/\/www.w3.org\/2000\/svg\" viewBox=\"0 0 1000 100\" preserveAspectRatio=\"none\">\n\t<path class=\"elementor-shape-fill\" opacity=\"0.33\" d=\"M473,67.3c-203.9,88.3-263.1-34-320.3,0C66,119.1,0,59.7,0,59.7V0h1000v59.7 c0,0-62.1,26.1-94.9,29.3c-32.8,3.3-62.8-12.3-75.8-22.1C806,49.6,745.3,8.7,694.9,4.7S492.4,59,473,67.3z\"\/>\n\t<path class=\"elementor-shape-fill\" opacity=\"0.66\" d=\"M734,67.3c-45.5,0-77.2-23.2-129.1-39.1c-28.6-8.7-150.3-10.1-254,39.1 s-91.7-34.4-149.2,0C115.7,118.3,0,39.8,0,39.8V0h1000v36.5c0,0-28.2-18.5-92.1-18.5C810.2,18.1,775.7,67.3,734,67.3z\"\/>\n\t<path class=\"elementor-shape-fill\" d=\"M766.1,28.9c-200-57.5-266,65.5-395.1,19.5C242,1.8,242,5.4,184.8,20.6C128,35.8,132.3,44.9,89.9,52.5C28.6,63.7,0,0,0,0 h1000c0,0-9.9,40.9-83.6,48.1S829.6,47,766.1,28.9z\"\/>\n<\/svg>\t\t<\/div>\n\t\t\t\t<div class=\"elementor-shape elementor-shape-bottom\" data-negative=\"false\">\n\t\t\t<svg xmlns=\"http:\/\/www.w3.org\/2000\/svg\" viewBox=\"0 0 1000 100\" preserveAspectRatio=\"none\">\n\t<path class=\"elementor-shape-fill\" d=\"M761.9,44.1L643.1,27.2L333.8,98L0,3.8V0l1000,0v3.9\"\/>\n<\/svg>\t\t<\/div>\n\t\t\t\t\t<div class=\"elementor-container elementor-column-gap-default\">\n\t\t\t\t\t\t\t<div class=\"elementor-row\">\n\t\t\t\t\t<div class=\"elementor-column elementor-col-100 elementor-top-column elementor-element elementor-element-9a8472f\" data-id=\"9a8472f\" data-element_type=\"column\">\n\t\t\t<div class=\"elementor-column-wrap elementor-element-populated\">\n\t\t\t\t\t\t\t<div class=\"elementor-widget-wrap\">\n\t\t\t\t\t\t<div class=\"elementor-element elementor-element-8f83978 elementor-widget elementor-widget-heading\" data-id=\"8f83978\" data-element_type=\"widget\" data-widget_type=\"heading.default\">\n\t\t\t\t<div class=\"elementor-widget-container\">\n\t\t\t<h2 class=\"elementor-heading-title elementor-size-default\">Accessibilit\u00e9 pour les personnes en situation de handicap<\/h2>\t\t<\/div>\n\t\t\t\t<\/div>\n\t\t\t\t<div class=\"elementor-element elementor-element-b805746 elementor-widget elementor-widget-spacer\" data-id=\"b805746\" data-element_type=\"widget\" data-widget_type=\"spacer.default\">\n\t\t\t\t<div class=\"elementor-widget-container\">\n\t\t\t\t\t<div class=\"elementor-spacer\">\n\t\t\t<div class=\"elementor-spacer-inner\"><\/div>\n\t\t<\/div>\n\t\t\t\t<\/div>\n\t\t\t\t<\/div>\n\t\t\t\t\t\t<\/div>\n\t\t\t\t\t<\/div>\n\t\t<\/div>\n\t\t\t\t\t\t\t\t<\/div>\n\t\t\t\t\t<\/div>\n\t\t<\/section>\n\t\t\t\t<section class=\"elementor-section elementor-top-section elementor-element elementor-element-4b6f10d elementor-section-boxed elementor-section-height-default elementor-section-height-default\" data-id=\"4b6f10d\" data-element_type=\"section\" data-settings=\"{&quot;background_background&quot;:&quot;classic&quot;}\">\n\t\t\t\t\t\t<div class=\"elementor-container elementor-column-gap-default\">\n\t\t\t\t\t\t\t<div class=\"elementor-row\">\n\t\t\t\t\t<div class=\"elementor-column elementor-col-100 elementor-top-column elementor-element elementor-element-166b441\" data-id=\"166b441\" data-element_type=\"column\">\n\t\t\t<div class=\"elementor-column-wrap elementor-element-populated\">\n\t\t\t\t\t\t\t<div class=\"elementor-widget-wrap\">\n\t\t\t\t\t\t<div class=\"elementor-element elementor-element-6cc7c8d elementor-widget elementor-widget-text-editor\" data-id=\"6cc7c8d\" data-element_type=\"widget\" data-widget_type=\"text-editor.default\">\n\t\t\t\t<div class=\"elementor-widget-container\">\n\t\t\t\t\t\t\t\t<div class=\"elementor-text-editor elementor-clearfix\">\n\t\t\t\t<p>Au<strong> Pr\u00e9histo\u2019site<\/strong>, nous faisons en sorte, depuis toujours,\u00a0 de rendre nos contenus accessibles\u00a0 au plus grand nombre. Pour notre \u00e9quipe, c&#8217;est la poursuite logique de notre travail de m\u00e9diation.<\/p><p>Le<strong> mus\u00e9e est accessible aux publics en situation de handicap<\/strong>. Pour permettre la d\u00e9couverte des\u00a0 expositions, des guides de visite ont \u00e9t\u00e9 con\u00e7us. Ils sont \u00e0 votre disposition sur simple demande \u00e0 l&#8217;accueil.<\/p>\t\t\t\t\t<\/div>\n\t\t\t\t\t\t<\/div>\n\t\t\t\t<\/div>\n\t\t\t\t<div class=\"elementor-element elementor-element-4ecea5c elementor-widget elementor-widget-text-editor\" data-id=\"4ecea5c\" data-element_type=\"widget\" data-widget_type=\"text-editor.default\">\n\t\t\t\t<div class=\"elementor-widget-container\">\n\t\t\t\t\t\t\t\t<div class=\"elementor-text-editor elementor-clearfix\">\n\t\t\t\t<p style=\"text-align: center;\"><strong>Sur pr\u00e9sentation d&#8217;un justificatif, une entr\u00e9e \u00e0 tarif r\u00e9duit est propos\u00e9 aux personnes en situation de handicap.<\/strong><\/p>\t\t\t\t\t<\/div>\n\t\t\t\t\t\t<\/div>\n\t\t\t\t<\/div>\n\t\t\t\t\t\t<\/div>\n\t\t\t\t\t<\/div>\n\t\t<\/div>\n\t\t\t\t\t\t\t\t<\/div>\n\t\t\t\t\t<\/div>\n\t\t<\/section>\n\t\t\t\t<section class=\"elementor-section elementor-top-section elementor-element elementor-element-dcbfcf6 elementor-section-boxed elementor-section-height-default elementor-section-height-default\" data-id=\"dcbfcf6\" data-element_type=\"section\" data-settings=\"{&quot;background_background&quot;:&quot;classic&quot;}\">\n\t\t\t\t\t\t<div class=\"elementor-container elementor-column-gap-wide\">\n\t\t\t\t\t\t\t<div class=\"elementor-row\">\n\t\t\t\t\t<div class=\"elementor-column elementor-col-50 elementor-top-column elementor-element elementor-element-07fdfae\" data-id=\"07fdfae\" data-element_type=\"column\">\n\t\t\t<div class=\"elementor-column-wrap elementor-element-populated\">\n\t\t\t\t\t\t\t<div class=\"elementor-widget-wrap\">\n\t\t\t\t\t\t<div class=\"elementor-element elementor-element-ee32d8f elementor-widget elementor-widget-heading\" data-id=\"ee32d8f\" data-element_type=\"widget\" data-widget_type=\"heading.default\">\n\t\t\t\t<div class=\"elementor-widget-container\">\n\t\t\t<h4 class=\"elementor-heading-title elementor-size-default\">Livrets de visite<\/h4>\t\t<\/div>\n\t\t\t\t<\/div>\n\t\t\t\t<div class=\"elementor-element elementor-element-d55da6c elementor-widget elementor-widget-text-editor\" data-id=\"d55da6c\" data-element_type=\"widget\" data-widget_type=\"text-editor.default\">\n\t\t\t\t<div class=\"elementor-widget-container\">\n\t\t\t\t\t\t\t\t<div class=\"elementor-text-editor elementor-clearfix\">\n\t\t\t\t<p><img loading=\"lazy\" class=\"alignright wp-image-139 \" src=\"http:\/\/cairn-prehistoire.com\/wp-content\/uploads\/2020\/12\/livrets.jpg\" alt=\"\" width=\"212\" height=\"89\" srcset=\"https:\/\/cairn-prehistoire.com\/wp-content\/uploads\/2020\/12\/livrets.jpg 596w, https:\/\/cairn-prehistoire.com\/wp-content\/uploads\/2020\/12\/livrets-416x174.jpg 416w, https:\/\/cairn-prehistoire.com\/wp-content\/uploads\/2020\/12\/livrets-300x126.jpg 300w\" sizes=\"(max-width: 212px) 100vw, 212px\" \/>Pour permettre aux personnes :<\/p><ul><li>non-voyantes ou mal-voyantes<\/li><li>sourdes et malentendantes<\/li><li>avec des difficult\u00e9s de compr\u00e9hension (handicap mental ou psychique)<\/li><\/ul><p>de profiter pleinement des expositions, des livrets de visite sont \u00e0 votre disposition sur simple demande \u00e0 l\u2019accueil. Ils sont \u00e9galement disponibles en braille, gros caract\u00e8res et en lecture simplifi\u00e9e.<\/p>\t\t\t\t\t<\/div>\n\t\t\t\t\t\t<\/div>\n\t\t\t\t<\/div>\n\t\t\t\t<div class=\"elementor-element elementor-element-348af74 elementor-icon-list--layout-traditional elementor-list-item-link-full_width elementor-widget elementor-widget-icon-list\" data-id=\"348af74\" data-element_type=\"widget\" data-widget_type=\"icon-list.default\">\n\t\t\t\t<div class=\"elementor-widget-container\">\n\t\t\t\t\t<ul class=\"elementor-icon-list-items\">\n\t\t\t\t\t\t\t<li class=\"elementor-icon-list-item\">\n\t\t\t\t\t\t\t\t\t\t\t<span class=\"elementor-icon-list-icon\">\n\t\t\t\t\t\t\t<i aria-hidden=\"true\" class=\"fas fa-flag\"><\/i>\t\t\t\t\t\t<\/span>\n\t\t\t\t\t\t\t\t\t\t<span class=\"elementor-icon-list-text\">Guidebooks are available in English<\/span>\n\t\t\t\t\t\t\t\t\t<\/li>\n\t\t\t\t\t\t<\/ul>\n\t\t\t\t<\/div>\n\t\t\t\t<\/div>\n\t\t\t\t\t\t<\/div>\n\t\t\t\t\t<\/div>\n\t\t<\/div>\n\t\t\t\t<div class=\"elementor-column elementor-col-50 elementor-top-column elementor-element elementor-element-e3cbc6e\" data-id=\"e3cbc6e\" data-element_type=\"column\">\n\t\t\t<div class=\"elementor-column-wrap elementor-element-populated\">\n\t\t\t\t\t\t\t<div class=\"elementor-widget-wrap\">\n\t\t\t\t\t\t<div class=\"elementor-element elementor-element-f650d35 elementor-widget elementor-widget-heading\" data-id=\"f650d35\" data-element_type=\"widget\" data-widget_type=\"heading.default\">\n\t\t\t\t<div class=\"elementor-widget-container\">\n\t\t\t<h4 class=\"elementor-heading-title elementor-size-default\">Personnes \u00e0 mobilit\u00e9 r\u00e9duite<\/h4>\t\t<\/div>\n\t\t\t\t<\/div>\n\t\t\t\t<div class=\"elementor-element elementor-element-505230f elementor-widget elementor-widget-text-editor\" data-id=\"505230f\" data-element_type=\"widget\" data-widget_type=\"text-editor.default\">\n\t\t\t\t<div class=\"elementor-widget-container\">\n\t\t\t\t\t\t\t\t<div class=\"elementor-text-editor elementor-clearfix\">\n\t\t\t\t<p>Des places de parking PMR sont situ\u00e9es devant l&#8217;entr\u00e9e du site. Des sanitaires accessibles sont situ\u00e9s \u00e0 c\u00f4t\u00e9 de la boutique.<\/p><p>Le mus\u00e9e est compl\u00e8tement accessible en fauteuil et dans le parc, le cheminement est plat assez agr\u00e9able gr\u00e2ce \u00e0 des sentiers stabilis\u00e9s.<\/p>\t\t\t\t\t<\/div>\n\t\t\t\t\t\t<\/div>\n\t\t\t\t<\/div>\n\t\t\t\t<div class=\"elementor-element elementor-element-0310837 elementor-widget elementor-widget-image\" data-id=\"0310837\" data-element_type=\"widget\" data-widget_type=\"image.default\">\n\t\t\t\t<div class=\"elementor-widget-container\">\n\t\t\t\t\t\t\t\t<div class=\"elementor-image\">\n\t\t\t\t\t\t\t\t\t\t\t\t<img width=\"150\" height=\"150\" src=\"https:\/\/cairn-prehistoire.com\/wp-content\/uploads\/2021\/01\/ADEQUAT_HANDICAP_ACCESSIBILITE_NOUVEAU_ICON_PICTOGRAMME_FAUTEUIL_SIGNALETIQUE-150x150.png\" class=\"attachment-thumbnail size-thumbnail\" alt=\"\" loading=\"lazy\" srcset=\"https:\/\/cairn-prehistoire.com\/wp-content\/uploads\/2021\/01\/ADEQUAT_HANDICAP_ACCESSIBILITE_NOUVEAU_ICON_PICTOGRAMME_FAUTEUIL_SIGNALETIQUE-150x150.png 150w, https:\/\/cairn-prehistoire.com\/wp-content\/uploads\/2021\/01\/ADEQUAT_HANDICAP_ACCESSIBILITE_NOUVEAU_ICON_PICTOGRAMME_FAUTEUIL_SIGNALETIQUE-300x300.png 300w, https:\/\/cairn-prehistoire.com\/wp-content\/uploads\/2021\/01\/ADEQUAT_HANDICAP_ACCESSIBILITE_NOUVEAU_ICON_PICTOGRAMME_FAUTEUIL_SIGNALETIQUE-100x100.png 100w, https:\/\/cairn-prehistoire.com\/wp-content\/uploads\/2021\/01\/ADEQUAT_HANDICAP_ACCESSIBILITE_NOUVEAU_ICON_PICTOGRAMME_FAUTEUIL_SIGNALETIQUE-416x416.png 416w, https:\/\/cairn-prehistoire.com\/wp-content\/uploads\/2021\/01\/ADEQUAT_HANDICAP_ACCESSIBILITE_NOUVEAU_ICON_PICTOGRAMME_FAUTEUIL_SIGNALETIQUE.png 592w\" sizes=\"(max-width: 150px) 100vw, 150px\" \/>\t\t\t\t\t\t\t\t\t\t\t\t\t\t<\/div>\n\t\t\t\t\t\t<\/div>\n\t\t\t\t<\/div>\n\t\t\t\t\t\t<\/div>\n\t\t\t\t\t<\/div>\n\t\t<\/div>\n\t\t\t\t\t\t\t\t<\/div>\n\t\t\t\t\t<\/div>\n\t\t<\/section>\n\t\t\t\t<section class=\"elementor-section elementor-top-section elementor-element elementor-element-c2365dd elementor-section-boxed elementor-section-height-default elementor-section-height-default\" data-id=\"c2365dd\" data-element_type=\"section\" data-settings=\"{&quot;background_background&quot;:&quot;classic&quot;}\">\n\t\t\t\t\t\t<div class=\"elementor-container elementor-column-gap-default\">\n\t\t\t\t\t\t\t<div class=\"elementor-row\">\n\t\t\t\t\t<div class=\"elementor-column elementor-col-25 elementor-top-column elementor-element elementor-element-c650b13\" data-id=\"c650b13\" data-element_type=\"column\">\n\t\t\t<div class=\"elementor-column-wrap elementor-element-populated\">\n\t\t\t\t\t\t\t<div class=\"elementor-widget-wrap\">\n\t\t\t\t\t\t<div class=\"elementor-element elementor-element-ab55e08 elementor-widget elementor-widget-image\" data-id=\"ab55e08\" data-element_type=\"widget\" data-widget_type=\"image.default\">\n\t\t\t\t<div class=\"elementor-widget-container\">\n\t\t\t\t\t\t\t\t<div class=\"elementor-image\">\n\t\t\t\t\t\t\t\t\t\t\t\t\t<a href=\"https:\/\/www.viamichelin.fr\/\" target=\"_blank\">\n\t\t\t\t\t\t\t<img src=\"https:\/\/cairn-prehistoire.com\/wp-content\/uploads\/elementor\/thumbs\/Etoile-Michelin-2023-qm5o2qejm19xzkixbzfckojlwr4sajaimbkv7f2jdg.png\" title=\"Etoile-Michelin-2023\" alt=\"Etoile-Michelin-2023\" \/>\t\t\t\t\t\t\t\t<\/a>\n\t\t\t\t\t\t\t\t\t\t\t\t\t\t<\/div>\n\t\t\t\t\t\t<\/div>\n\t\t\t\t<\/div>\n\t\t\t\t\t\t<\/div>\n\t\t\t\t\t<\/div>\n\t\t<\/div>\n\t\t\t\t<div class=\"elementor-column elementor-col-25 elementor-top-column elementor-element elementor-element-5bd5939\" data-id=\"5bd5939\" data-element_type=\"column\">\n\t\t\t<div class=\"elementor-column-wrap elementor-element-populated\">\n\t\t\t\t\t\t\t<div class=\"elementor-widget-wrap\">\n\t\t\t\t\t\t<div class=\"elementor-element elementor-element-6d26995 elementor-widget elementor-widget-image\" data-id=\"6d26995\" data-element_type=\"widget\" data-widget_type=\"image.default\">\n\t\t\t\t<div class=\"elementor-widget-container\">\n\t\t\t\t\t\t\t\t<div class=\"elementor-image\">\n\t\t\t\t\t\t\t\t\t\t\t\t\t<a href=\"https:\/\/www.tripadvisor.fr\/Attraction_Review-g7116664-d3454133-Reviews-Prehisto_site_du_CAIRN-Saint_Hilaire_la_Foret_Vendee_Pays_de_la_Loire.html\" target=\"_blank\">\n\t\t\t\t\t\t\t<img width=\"137\" height=\"133\" src=\"https:\/\/cairn-prehistoire.com\/wp-content\/uploads\/2020\/12\/trip_advisor.png\" class=\"attachment-large size-large\" alt=\"\" loading=\"lazy\" \/>\t\t\t\t\t\t\t\t<\/a>\n\t\t\t\t\t\t\t\t\t\t\t\t\t\t<\/div>\n\t\t\t\t\t\t<\/div>\n\t\t\t\t<\/div>\n\t\t\t\t\t\t<\/div>\n\t\t\t\t\t<\/div>\n\t\t<\/div>\n\t\t\t\t<div class=\"elementor-column elementor-col-25 elementor-top-column elementor-element elementor-element-27d0c08\" data-id=\"27d0c08\" data-element_type=\"column\">\n\t\t\t<div class=\"elementor-column-wrap elementor-element-populated\">\n\t\t\t\t\t\t\t<div class=\"elementor-widget-wrap\">\n\t\t\t\t\t\t<div class=\"elementor-element elementor-element-6bbf1da elementor-widget elementor-widget-image\" data-id=\"6bbf1da\" data-element_type=\"widget\" data-widget_type=\"image.default\">\n\t\t\t\t<div class=\"elementor-widget-container\">\n\t\t\t\t\t\t\t\t<div class=\"elementor-image\">\n\t\t\t\t\t\t\t\t\t\t\t\t\t<a href=\"https:\/\/www.petitfute.com\/v28907-saint-hilaire-la-foret-85440\/c1173-visites-points-d-interet\/c958-musee\/c964-musee-specialise\/273649-prehisto-site-du-cairn.html\" target=\"_blank\">\n\t\t\t\t\t\t\t<img width=\"124\" height=\"124\" src=\"https:\/\/cairn-prehistoire.com\/wp-content\/uploads\/2020\/12\/petitfute.png\" class=\"attachment-large size-large\" alt=\"\" loading=\"lazy\" srcset=\"https:\/\/cairn-prehistoire.com\/wp-content\/uploads\/2020\/12\/petitfute.png 124w, https:\/\/cairn-prehistoire.com\/wp-content\/uploads\/2020\/12\/petitfute-100x100.png 100w\" sizes=\"(max-width: 124px) 100vw, 124px\" \/>\t\t\t\t\t\t\t\t<\/a>\n\t\t\t\t\t\t\t\t\t\t\t\t\t\t<\/div>\n\t\t\t\t\t\t<\/div>\n\t\t\t\t<\/div>\n\t\t\t\t\t\t<\/div>\n\t\t\t\t\t<\/div>\n\t\t<\/div>\n\t\t\t\t<div class=\"elementor-column elementor-col-25 elementor-top-column elementor-element elementor-element-c83b028\" data-id=\"c83b028\" data-element_type=\"column\">\n\t\t\t<div class=\"elementor-column-wrap elementor-element-populated\">\n\t\t\t\t\t\t\t<div class=\"elementor-widget-wrap\">\n\t\t\t\t\t\t<div class=\"elementor-element elementor-element-3b4d2b8 elementor-widget elementor-widget-image\" data-id=\"3b4d2b8\" data-element_type=\"widget\" data-widget_type=\"image.default\">\n\t\t\t\t<div class=\"elementor-widget-container\">\n\t\t\t\t\t\t\t\t<div class=\"elementor-image\">\n\t\t\t\t\t\t\t\t\t\t\t\t\t<a href=\"https:\/\/www.francevelotourisme.com\/loisirs\/musees-et-sites-touristiques\/prehisto-site-du-cairn\" target=\"_blank\">\n\t\t\t\t\t\t\t<img src=\"https:\/\/cairn-prehistoire.com\/wp-content\/uploads\/elementor\/thumbs\/0003_label_accueil_velo-p0miwsg5er66xllzexcuxoxghgupqzn0g7l94g1pxw.png\" title=\"0003_label_accueil_velo\" alt=\"0003_label_accueil_velo\" \/>\t\t\t\t\t\t\t\t<\/a>\n\t\t\t\t\t\t\t\t\t\t\t\t\t\t<\/div>\n\t\t\t\t\t\t<\/div>\n\t\t\t\t<\/div>\n\t\t\t\t\t\t<\/div>\n\t\t\t\t\t<\/div>\n\t\t<\/div>\n\t\t\t\t\t\t\t\t<\/div>\n\t\t\t\t\t<\/div>\n\t\t<\/section>\n\t\t\t\t<section class=\"elementor-section elementor-top-section elementor-element elementor-element-0976260 elementor-section-boxed elementor-section-height-default elementor-section-height-default\" data-id=\"0976260\" data-element_type=\"section\">\n\t\t\t\t\t\t\t<div class=\"elementor-background-overlay\"><\/div>\n\t\t\t\t\t\t\t<div class=\"elementor-container elementor-column-gap-default\">\n\t\t\t\t\t\t\t<div class=\"elementor-row\">\n\t\t\t\t\t<div class=\"elementor-column elementor-col-33 elementor-top-column elementor-element elementor-element-846348f\" data-id=\"846348f\" data-element_type=\"column\">\n\t\t\t<div class=\"elementor-column-wrap elementor-element-populated\">\n\t\t\t\t\t\t\t<div class=\"elementor-widget-wrap\">\n\t\t\t\t\t\t<div class=\"elementor-element elementor-element-7ba4ddb elementor-widget elementor-widget-image\" data-id=\"7ba4ddb\" data-element_type=\"widget\" data-widget_type=\"image.default\">\n\t\t\t\t<div class=\"elementor-widget-container\">\n\t\t\t\t\t\t\t\t<div class=\"elementor-image\">\n\t\t\t\t\t\t\t\t\t\t\t\t\t<a href=\"https:\/\/www.gites-de-france.com\/fr\" target=\"_blank\">\n\t\t\t\t\t\t\t<img src=\"https:\/\/cairn-prehistoire.com\/wp-content\/uploads\/elementor\/thumbs\/Gites_de_France_logo.svg_-qk86zomihmhdr0cm5e5wnmax6aq13tmpq8g9ez9f94.png\" title=\"G\u00eetes_de_France_(logo).svg\" alt=\"G\u00eetes_de_France_(logo).svg\" \/>\t\t\t\t\t\t\t\t<\/a>\n\t\t\t\t\t\t\t\t\t\t\t\t\t\t<\/div>\n\t\t\t\t\t\t<\/div>\n\t\t\t\t<\/div>\n\t\t\t\t\t\t<\/div>\n\t\t\t\t\t<\/div>\n\t\t<\/div>\n\t\t\t\t<div class=\"elementor-column elementor-col-33 elementor-top-column elementor-element elementor-element-74afe9a\" data-id=\"74afe9a\" data-element_type=\"column\">\n\t\t\t<div class=\"elementor-column-wrap elementor-element-populated\">\n\t\t\t\t\t\t\t<div class=\"elementor-widget-wrap\">\n\t\t\t\t\t\t<div class=\"elementor-element elementor-element-cefdd55 elementor-widget elementor-widget-image\" data-id=\"cefdd55\" data-element_type=\"widget\" data-widget_type=\"image.default\">\n\t\t\t\t<div class=\"elementor-widget-container\">\n\t\t\t\t\t\t\t\t<div class=\"elementor-image\">\n\t\t\t\t\t\t\t\t\t\t\t\t\t<a href=\"https:\/\/vendeevelo.vendee-tourisme.com\/\">\n\t\t\t\t\t\t\t<img src=\"https:\/\/cairn-prehistoire.com\/wp-content\/uploads\/elementor\/thumbs\/Vendee_Velo_Tour_Quadri-qk87keyd3ozgp95l32jtaho2rvyq4wt4x0j21u4luc.png\" title=\"Vendee_Velo_Tour_Quadri\" alt=\"Vendee_Velo_Tour_Quadri\" \/>\t\t\t\t\t\t\t\t<\/a>\n\t\t\t\t\t\t\t\t\t\t\t\t\t\t<\/div>\n\t\t\t\t\t\t<\/div>\n\t\t\t\t<\/div>\n\t\t\t\t\t\t<\/div>\n\t\t\t\t\t<\/div>\n\t\t<\/div>\n\t\t\t\t<div class=\"elementor-column elementor-col-33 elementor-top-column elementor-element elementor-element-80f881a\" data-id=\"80f881a\" data-element_type=\"column\">\n\t\t\t<div class=\"elementor-column-wrap elementor-element-populated\">\n\t\t\t\t\t\t\t<div class=\"elementor-widget-wrap\">\n\t\t\t\t\t\t<div class=\"elementor-element elementor-element-fe05f2d elementor-widget elementor-widget-spacer\" data-id=\"fe05f2d\" data-element_type=\"widget\" data-widget_type=\"spacer.default\">\n\t\t\t\t<div class=\"elementor-widget-container\">\n\t\t\t\t\t<div class=\"elementor-spacer\">\n\t\t\t<div class=\"elementor-spacer-inner\"><\/div>\n\t\t<\/div>\n\t\t\t\t<\/div>\n\t\t\t\t<\/div>\n\t\t\t\t<div class=\"elementor-element elementor-element-a873715 elementor-widget elementor-widget-image\" data-id=\"a873715\" data-element_type=\"widget\" data-widget_type=\"image.default\">\n\t\t\t\t<div class=\"elementor-widget-container\">\n\t\t\t\t\t\t\t\t<div class=\"elementor-image\">\n\t\t\t\t\t\t\t\t\t\t\t\t\t<a href=\"https:\/\/www.vendee-tourisme.com\/\" target=\"_blank\">\n\t\t\t\t\t\t\t<img src=\"https:\/\/cairn-prehistoire.com\/wp-content\/uploads\/elementor\/thumbs\/EN-VENDEE_Kit-communication_2023-qkduxbvsfwrjyh4932r4sl06vy3vyfbzs6et4lc1kq.jpg\" title=\"EN-VENDEE_Kit-communication_2023\" alt=\"EN-VENDEE_Kit-communication_2023\" \/>\t\t\t\t\t\t\t\t<\/a>\n\t\t\t\t\t\t\t\t\t\t\t\t\t\t<\/div>\n\t\t\t\t\t\t<\/div>\n\t\t\t\t<\/div>\n\t\t\t\t\t\t<\/div>\n\t\t\t\t\t<\/div>\n\t\t<\/div>\n\t\t\t\t\t\t\t\t<\/div>\n\t\t\t\t\t<\/div>\n\t\t<\/section>\n\t\t\t\t\t\t<\/div>\n\t\t\t\t\t\t<\/div>\n\t\t\t\t\t<\/div>\n\t\t","protected":false},"excerpt":{"rendered":"<p>Accessibilit\u00e9 pour les personnes en situation de handicap Au Pr\u00e9histo\u2019site, nous faisons en sorte, depuis toujours,\u00a0 de rendre nos contenus&hellip;<\/p>\n","protected":false},"author":1,"featured_media":0,"parent":0,"menu_order":0,"comment_status":"closed","ping_status":"closed","template":"elementor_header_footer","meta":{"_mi_skip_tracking":false,"_monsterinsights_sitenote_active":false,"_monsterinsights_sitenote_note":"","_monsterinsights_sitenote_category":0},"_links":{"self":[{"href":"https:\/\/cairn-prehistoire.com\/index.php\/wp-json\/wp\/v2\/pages\/504"}],"collection":[{"href":"https:\/\/cairn-prehistoire.com\/index.php\/wp-json\/wp\/v2\/pages"}],"about":[{"href":"https:\/\/cairn-prehistoire.com\/index.php\/wp-json\/wp\/v2\/types\/page"}],"author":[{"embeddable":true,"href":"https:\/\/cairn-prehistoire.com\/index.php\/wp-json\/wp\/v2\/users\/1"}],"replies":[{"embeddable":true,"href":"https:\/\/cairn-prehistoire.com\/index.php\/wp-json\/wp\/v2\/comments?post=504"}],"version-history":[{"count":18,"href":"https:\/\/cairn-prehistoire.com\/index.php\/wp-json\/wp\/v2\/pages\/504\/revisions"}],"predecessor-version":[{"id":3298,"href":"https:\/\/cairn-prehistoire.com\/index.php\/wp-json\/wp\/v2\/pages\/504\/revisions\/3298"}],"wp:attachment":[{"href":"https:\/\/cairn-prehistoire.com\/index.php\/wp-json\/wp\/v2\/media?parent=504"}],"curies":[{"name":"wp","href":"https:\/\/api.w.org\/{rel}","templated":true}]}}