{"id":1733,"date":"2021-04-29T14:20:37","date_gmt":"2021-04-29T12:20:37","guid":{"rendered":"https:\/\/cairn-prehistoire.com\/?post_type=product&#038;p=1733"},"modified":"2025-09-01T14:32:43","modified_gmt":"2025-09-01T12:32:43","slug":"kit-diy-musique","status":"publish","type":"product","link":"https:\/\/cairn-prehistoire.com\/index.php\/produit\/kit-diy-musique\/","title":{"rendered":"Kit DIY Musique"},"content":{"rendered":"<p>Le KIT contient :<\/p>\n<ul>\n<li>Un rhombe en bois<\/li>\n<li>Une cordelette de lin<\/li>\n<li>De l\u2019ocre rouge<\/li>\n<li>Un b\u00e2tonnet de bois<\/li>\n<li>Une notice et des mod\u00e8les<\/li>\n<\/ul>\n","protected":false},"excerpt":{"rendered":"<p>Ce kit DIY Musique vous permettra de r\u00e9aliser vous-m\u00eame votre instrument de musique pr\u00e9historique : le rhombe.<\/p>\n","protected":false},"featured_media":1734,"template":"","meta":{"_mi_skip_tracking":false,"_monsterinsights_sitenote_active":false,"_monsterinsights_sitenote_note":"","_monsterinsights_sitenote_category":0},"product_cat":[24],"product_tag":[33],"_links":{"self":[{"href":"https:\/\/cairn-prehistoire.com\/index.php\/wp-json\/wp\/v2\/product\/1733"}],"collection":[{"href":"https:\/\/cairn-prehistoire.com\/index.php\/wp-json\/wp\/v2\/product"}],"about":[{"href":"https:\/\/cairn-prehistoire.com\/index.php\/wp-json\/wp\/v2\/types\/product"}],"version-history":[{"count":1,"href":"https:\/\/cairn-prehistoire.com\/index.php\/wp-json\/wp\/v2\/product\/1733\/revisions"}],"predecessor-version":[{"id":2805,"href":"https:\/\/cairn-prehistoire.com\/index.php\/wp-json\/wp\/v2\/product\/1733\/revisions\/2805"}],"wp:featuredmedia":[{"embeddable":true,"href":"https:\/\/cairn-prehistoire.com\/index.php\/wp-json\/wp\/v2\/media\/1734"}],"wp:attachment":[{"href":"https:\/\/cairn-prehistoire.com\/index.php\/wp-json\/wp\/v2\/media?parent=1733"}],"wp:term":[{"taxonomy":"product_cat","embeddable":true,"href":"https:\/\/cairn-prehistoire.com\/index.php\/wp-json\/wp\/v2\/product_cat?post=1733"},{"taxonomy":"product_tag","embeddable":true,"href":"https:\/\/cairn-prehistoire.com\/index.php\/wp-json\/wp\/v2\/product_tag?post=1733"}],"curies":[{"name":"wp","href":"https:\/\/api.w.org\/{rel}","templated":true}]}}