{"id":1913,"date":"2021-05-27T14:18:38","date_gmt":"2021-05-27T12:18:38","guid":{"rendered":"https:\/\/cairn-prehistoire.com\/?post_type=product&#038;p=1913"},"modified":"2026-03-20T11:57:18","modified_gmt":"2026-03-20T10:57:18","slug":"kit-diy-parure-steatite","status":"publish","type":"product","link":"https:\/\/cairn-prehistoire.com\/index.php\/produit\/kit-diy-parure-steatite\/","title":{"rendered":"Kit DIY Parure St\u00e9atite"},"content":{"rendered":"<p>Le KIT contient :<\/p>\n<ul>\n<li>Un poin\u00e7on en bois et os<\/li>\n<li>Un b\u00e2tonnet de st\u00e9atite<\/li>\n<li>Une mousse abrasive<\/li>\n<li>Un cordon de cuir<\/li>\n<li>2 perles en bois<\/li>\n<li>Une notice et des mod\u00e8les<\/li>\n<\/ul>\n","protected":false},"excerpt":{"rendered":"<p>Ce kit DIY Parure vous permettra de r\u00e9aliser vous-m\u00eame votre bijou en st\u00e9atite.<\/p>\n","protected":false},"featured_media":1914,"template":"","meta":{"_mi_skip_tracking":false,"_monsterinsights_sitenote_active":false,"_monsterinsights_sitenote_note":"","_monsterinsights_sitenote_category":0},"product_cat":[24],"product_tag":[33],"_links":{"self":[{"href":"https:\/\/cairn-prehistoire.com\/index.php\/wp-json\/wp\/v2\/product\/1913"}],"collection":[{"href":"https:\/\/cairn-prehistoire.com\/index.php\/wp-json\/wp\/v2\/product"}],"about":[{"href":"https:\/\/cairn-prehistoire.com\/index.php\/wp-json\/wp\/v2\/types\/product"}],"version-history":[{"count":1,"href":"https:\/\/cairn-prehistoire.com\/index.php\/wp-json\/wp\/v2\/product\/1913\/revisions"}],"predecessor-version":[{"id":2808,"href":"https:\/\/cairn-prehistoire.com\/index.php\/wp-json\/wp\/v2\/product\/1913\/revisions\/2808"}],"wp:featuredmedia":[{"embeddable":true,"href":"https:\/\/cairn-prehistoire.com\/index.php\/wp-json\/wp\/v2\/media\/1914"}],"wp:attachment":[{"href":"https:\/\/cairn-prehistoire.com\/index.php\/wp-json\/wp\/v2\/media?parent=1913"}],"wp:term":[{"taxonomy":"product_cat","embeddable":true,"href":"https:\/\/cairn-prehistoire.com\/index.php\/wp-json\/wp\/v2\/product_cat?post=1913"},{"taxonomy":"product_tag","embeddable":true,"href":"https:\/\/cairn-prehistoire.com\/index.php\/wp-json\/wp\/v2\/product_tag?post=1913"}],"curies":[{"name":"wp","href":"https:\/\/api.w.org\/{rel}","templated":true}]}}