{"id":1916,"date":"2021-05-27T14:26:31","date_gmt":"2021-05-27T12:26:31","guid":{"rendered":"https:\/\/cairn-prehistoire.com\/?post_type=product&#038;p=1916"},"modified":"2026-03-20T11:57:18","modified_gmt":"2026-03-20T10:57:18","slug":"kit-diy-gravure-argile","status":"publish","type":"product","link":"https:\/\/cairn-prehistoire.com\/index.php\/produit\/kit-diy-gravure-argile\/","title":{"rendered":"Kit DIY Gravure Argile"},"content":{"rendered":"<p>Le KIT contient :<\/p>\n<ul>\n<li>Une plaquette d&#8217;argile<\/li>\n<li>Un burin en silex<\/li>\n<li>Une notice et des mod\u00e8les<\/li>\n<\/ul>\n","protected":false},"excerpt":{"rendered":"<p>Ce kit DIY Gravure vous permettra de vous initier \u00e0 l&#8217;art pari\u00e9tal \u00e0 l&#8217;aide d&#8217;un outil pr\u00e9historique.<\/p>\n","protected":false},"featured_media":1917,"template":"","meta":{"_mi_skip_tracking":false,"_monsterinsights_sitenote_active":false,"_monsterinsights_sitenote_note":"","_monsterinsights_sitenote_category":0},"product_cat":[24],"product_tag":[33],"_links":{"self":[{"href":"https:\/\/cairn-prehistoire.com\/index.php\/wp-json\/wp\/v2\/product\/1916"}],"collection":[{"href":"https:\/\/cairn-prehistoire.com\/index.php\/wp-json\/wp\/v2\/product"}],"about":[{"href":"https:\/\/cairn-prehistoire.com\/index.php\/wp-json\/wp\/v2\/types\/product"}],"version-history":[{"count":1,"href":"https:\/\/cairn-prehistoire.com\/index.php\/wp-json\/wp\/v2\/product\/1916\/revisions"}],"predecessor-version":[{"id":2809,"href":"https:\/\/cairn-prehistoire.com\/index.php\/wp-json\/wp\/v2\/product\/1916\/revisions\/2809"}],"wp:featuredmedia":[{"embeddable":true,"href":"https:\/\/cairn-prehistoire.com\/index.php\/wp-json\/wp\/v2\/media\/1917"}],"wp:attachment":[{"href":"https:\/\/cairn-prehistoire.com\/index.php\/wp-json\/wp\/v2\/media?parent=1916"}],"wp:term":[{"taxonomy":"product_cat","embeddable":true,"href":"https:\/\/cairn-prehistoire.com\/index.php\/wp-json\/wp\/v2\/product_cat?post=1916"},{"taxonomy":"product_tag","embeddable":true,"href":"https:\/\/cairn-prehistoire.com\/index.php\/wp-json\/wp\/v2\/product_tag?post=1916"}],"curies":[{"name":"wp","href":"https:\/\/api.w.org\/{rel}","templated":true}]}}