{"id":1919,"date":"2021-05-27T14:39:04","date_gmt":"2021-05-27T12:39:04","guid":{"rendered":"https:\/\/cairn-prehistoire.com\/?post_type=product&#038;p=1919"},"modified":"2025-11-24T15:29:52","modified_gmt":"2025-11-24T14:29:52","slug":"kit-diy-gravure-megalithes","status":"publish","type":"product","link":"https:\/\/cairn-prehistoire.com\/index.php\/produit\/kit-diy-gravure-megalithes\/","title":{"rendered":"Kit DIY Gravure M\u00e9galithes"},"content":{"rendered":"<p>Le KIT contient :<\/p>\n<ul>\n<li>Un burin de silex<\/li>\n<li>Une silhouette Menhir en bois<\/li>\n<li>Pigment noir (charbon)<\/li>\n<li>Une notice et des mod\u00e8les<\/li>\n<\/ul>\n","protected":false},"excerpt":{"rendered":"<p>Ce kit DIY vous permettra de r\u00e9aliser vous-m\u00eame une gravure \u00e0 l&#8217;image de celles pr\u00e9sentes sur certains menhirs.<\/p>\n","protected":false},"featured_media":1920,"template":"","meta":{"_mi_skip_tracking":false,"_monsterinsights_sitenote_active":false,"_monsterinsights_sitenote_note":"","_monsterinsights_sitenote_category":0},"product_cat":[24],"product_tag":[33],"_links":{"self":[{"href":"https:\/\/cairn-prehistoire.com\/index.php\/wp-json\/wp\/v2\/product\/1919"}],"collection":[{"href":"https:\/\/cairn-prehistoire.com\/index.php\/wp-json\/wp\/v2\/product"}],"about":[{"href":"https:\/\/cairn-prehistoire.com\/index.php\/wp-json\/wp\/v2\/types\/product"}],"version-history":[{"count":1,"href":"https:\/\/cairn-prehistoire.com\/index.php\/wp-json\/wp\/v2\/product\/1919\/revisions"}],"predecessor-version":[{"id":2810,"href":"https:\/\/cairn-prehistoire.com\/index.php\/wp-json\/wp\/v2\/product\/1919\/revisions\/2810"}],"wp:featuredmedia":[{"embeddable":true,"href":"https:\/\/cairn-prehistoire.com\/index.php\/wp-json\/wp\/v2\/media\/1920"}],"wp:attachment":[{"href":"https:\/\/cairn-prehistoire.com\/index.php\/wp-json\/wp\/v2\/media?parent=1919"}],"wp:term":[{"taxonomy":"product_cat","embeddable":true,"href":"https:\/\/cairn-prehistoire.com\/index.php\/wp-json\/wp\/v2\/product_cat?post=1919"},{"taxonomy":"product_tag","embeddable":true,"href":"https:\/\/cairn-prehistoire.com\/index.php\/wp-json\/wp\/v2\/product_tag?post=1919"}],"curies":[{"name":"wp","href":"https:\/\/api.w.org\/{rel}","templated":true}]}}