{"id":1925,"date":"2021-05-27T15:09:10","date_gmt":"2021-05-27T13:09:10","guid":{"rendered":"https:\/\/cairn-prehistoire.com\/?post_type=product&#038;p=1925"},"modified":"2022-09-13T12:08:26","modified_gmt":"2022-09-13T10:08:26","slug":"kit-a-feu-friction","status":"publish","type":"product","link":"https:\/\/cairn-prehistoire.com\/index.php\/produit\/kit-a-feu-friction\/","title":{"rendered":"Kit \u00e0 feu Friction"},"content":{"rendered":"<p>Le KIT contient :<\/p>\n<ul>\n<li>Un archet (avec fils de remplacement)<\/li>\n<li>3 drilles et 3 planchettes<\/li>\n<li>Une paumelle<\/li>\n<li>Une lani\u00e8re de cuir<\/li>\n<li>Un per\u00e7oir en silex<\/li>\n<li>Un poucier<\/li>\n<li>Une notice<\/li>\n<\/ul>\n","protected":false},"excerpt":{"rendered":"<p>Ce kit \u00e0 feu vous permettra de vous initier \u00e0 la technique du feu par friction de bois, \u00e0 l&#8217;archet ou au poucier. Plusieurs drilles et planchettes vous permettront de nombreux essais.<\/p>\n","protected":false},"featured_media":1926,"template":"","meta":{"_mi_skip_tracking":false,"_monsterinsights_sitenote_active":false,"_monsterinsights_sitenote_note":"","_monsterinsights_sitenote_category":0},"product_cat":[24],"product_tag":[35],"_links":{"self":[{"href":"https:\/\/cairn-prehistoire.com\/index.php\/wp-json\/wp\/v2\/product\/1925"}],"collection":[{"href":"https:\/\/cairn-prehistoire.com\/index.php\/wp-json\/wp\/v2\/product"}],"about":[{"href":"https:\/\/cairn-prehistoire.com\/index.php\/wp-json\/wp\/v2\/types\/product"}],"version-history":[{"count":1,"href":"https:\/\/cairn-prehistoire.com\/index.php\/wp-json\/wp\/v2\/product\/1925\/revisions"}],"predecessor-version":[{"id":2593,"href":"https:\/\/cairn-prehistoire.com\/index.php\/wp-json\/wp\/v2\/product\/1925\/revisions\/2593"}],"wp:featuredmedia":[{"embeddable":true,"href":"https:\/\/cairn-prehistoire.com\/index.php\/wp-json\/wp\/v2\/media\/1926"}],"wp:attachment":[{"href":"https:\/\/cairn-prehistoire.com\/index.php\/wp-json\/wp\/v2\/media?parent=1925"}],"wp:term":[{"taxonomy":"product_cat","embeddable":true,"href":"https:\/\/cairn-prehistoire.com\/index.php\/wp-json\/wp\/v2\/product_cat?post=1925"},{"taxonomy":"product_tag","embeddable":true,"href":"https:\/\/cairn-prehistoire.com\/index.php\/wp-json\/wp\/v2\/product_tag?post=1925"}],"curies":[{"name":"wp","href":"https:\/\/api.w.org\/{rel}","templated":true}]}}