{"id":1985,"date":"2021-05-27T16:38:13","date_gmt":"2021-05-27T14:38:13","guid":{"rendered":"https:\/\/cairn-prehistoire.com\/?post_type=product&#038;p=1985"},"modified":"2022-07-31T15:16:37","modified_gmt":"2022-07-31T13:16:37","slug":"mug","status":"publish","type":"product","link":"https:\/\/cairn-prehistoire.com\/index.php\/produit\/mug\/","title":{"rendered":"Mug"},"content":{"rendered":"<p>Mug Pr\u00e9histo&#8217;site du CAIRN avec d\u00e9cors de peintures pari\u00e9tales (mains, animaux&#8230;).<\/p>\n","protected":false},"excerpt":{"rendered":"<p>Mug Pr\u00e9histo&#8217;site du CAIRN avec d\u00e9cors de peintures pari\u00e9tales (mains, animaux&#8230;).<\/p>\n","protected":false},"featured_media":1986,"template":"","meta":{"_mi_skip_tracking":false,"_monsterinsights_sitenote_active":false,"_monsterinsights_sitenote_note":"","_monsterinsights_sitenote_category":0},"product_cat":[28],"product_tag":[33],"_links":{"self":[{"href":"https:\/\/cairn-prehistoire.com\/index.php\/wp-json\/wp\/v2\/product\/1985"}],"collection":[{"href":"https:\/\/cairn-prehistoire.com\/index.php\/wp-json\/wp\/v2\/product"}],"about":[{"href":"https:\/\/cairn-prehistoire.com\/index.php\/wp-json\/wp\/v2\/types\/product"}],"version-history":[{"count":1,"href":"https:\/\/cairn-prehistoire.com\/index.php\/wp-json\/wp\/v2\/product\/1985\/revisions"}],"predecessor-version":[{"id":2587,"href":"https:\/\/cairn-prehistoire.com\/index.php\/wp-json\/wp\/v2\/product\/1985\/revisions\/2587"}],"wp:featuredmedia":[{"embeddable":true,"href":"https:\/\/cairn-prehistoire.com\/index.php\/wp-json\/wp\/v2\/media\/1986"}],"wp:attachment":[{"href":"https:\/\/cairn-prehistoire.com\/index.php\/wp-json\/wp\/v2\/media?parent=1985"}],"wp:term":[{"taxonomy":"product_cat","embeddable":true,"href":"https:\/\/cairn-prehistoire.com\/index.php\/wp-json\/wp\/v2\/product_cat?post=1985"},{"taxonomy":"product_tag","embeddable":true,"href":"https:\/\/cairn-prehistoire.com\/index.php\/wp-json\/wp\/v2\/product_tag?post=1985"}],"curies":[{"name":"wp","href":"https:\/\/api.w.org\/{rel}","templated":true}]}}