{"id":2195,"date":"2021-10-06T14:21:38","date_gmt":"2021-10-06T12:21:38","guid":{"rendered":"https:\/\/cairn-prehistoire.com\/?post_type=product&#038;p=2195"},"modified":"2025-11-24T15:29:15","modified_gmt":"2025-11-24T14:29:15","slug":"bol","status":"publish","type":"product","link":"https:\/\/cairn-prehistoire.com\/index.php\/produit\/bol\/","title":{"rendered":"Bol"},"content":{"rendered":"<p>Reconstitution d&#8217;une c\u00e9ramique retrouv\u00e9e dans le Dolmen de Conguel (Quiberon, Morbihan), ce bol en argile est fa\u00e7onn\u00e9 \u00e0 la main, en respectant le savoir faire de nos anc\u00eatres n\u00e9olithiques.<\/p>\n<p>Diam. : 7 cm environ<\/p>\n<p>Haut. : 6 cm environ<\/p>\n","protected":false},"excerpt":{"rendered":"<p>Reconstitution d&#8217;une c\u00e9ramique retrouv\u00e9e dans le Dolmen de Conguel (Quiberon, Morbihan), ce bol en argile est fa\u00e7onn\u00e9 \u00e0 la main,&hellip;<\/p>\n","protected":false},"featured_media":2196,"template":"","meta":{"_mi_skip_tracking":false,"_monsterinsights_sitenote_active":false,"_monsterinsights_sitenote_note":"","_monsterinsights_sitenote_category":0},"product_cat":[25],"product_tag":[33],"_links":{"self":[{"href":"https:\/\/cairn-prehistoire.com\/index.php\/wp-json\/wp\/v2\/product\/2195"}],"collection":[{"href":"https:\/\/cairn-prehistoire.com\/index.php\/wp-json\/wp\/v2\/product"}],"about":[{"href":"https:\/\/cairn-prehistoire.com\/index.php\/wp-json\/wp\/v2\/types\/product"}],"version-history":[{"count":1,"href":"https:\/\/cairn-prehistoire.com\/index.php\/wp-json\/wp\/v2\/product\/2195\/revisions"}],"predecessor-version":[{"id":3344,"href":"https:\/\/cairn-prehistoire.com\/index.php\/wp-json\/wp\/v2\/product\/2195\/revisions\/3344"}],"wp:featuredmedia":[{"embeddable":true,"href":"https:\/\/cairn-prehistoire.com\/index.php\/wp-json\/wp\/v2\/media\/2196"}],"wp:attachment":[{"href":"https:\/\/cairn-prehistoire.com\/index.php\/wp-json\/wp\/v2\/media?parent=2195"}],"wp:term":[{"taxonomy":"product_cat","embeddable":true,"href":"https:\/\/cairn-prehistoire.com\/index.php\/wp-json\/wp\/v2\/product_cat?post=2195"},{"taxonomy":"product_tag","embeddable":true,"href":"https:\/\/cairn-prehistoire.com\/index.php\/wp-json\/wp\/v2\/product_tag?post=2195"}],"curies":[{"name":"wp","href":"https:\/\/api.w.org\/{rel}","templated":true}]}}