{"id":2208,"date":"2021-10-06T15:31:28","date_gmt":"2021-10-06T13:31:28","guid":{"rendered":"https:\/\/cairn-prehistoire.com\/?post_type=product&#038;p=2208"},"modified":"2023-09-05T14:48:04","modified_gmt":"2023-09-05T12:48:04","slug":"repose-sachet-de-the-rond-2","status":"publish","type":"product","link":"https:\/\/cairn-prehistoire.com\/index.php\/produit\/repose-sachet-de-the-rond-2\/","title":{"rendered":"Repose-sachet de th\u00e9 Rond"},"content":{"rendered":"<p>Repose-sachet de th\u00e9 Rond, en argile, d\u00e9cor\u00e9 du Cheval de la Grotte de Lascaux.<\/p>\n<p>Diam. : 6 cm environ<\/p>\n","protected":false},"excerpt":{"rendered":"<p>Repose-sachet de th\u00e9 Rond, en argile, d\u00e9cor\u00e9 du Cheval de la Grotte de Lascaux. Diam. : 6 cm environ<\/p>\n","protected":false},"featured_media":2204,"template":"","meta":{"_mi_skip_tracking":false,"_monsterinsights_sitenote_active":false,"_monsterinsights_sitenote_note":"","_monsterinsights_sitenote_category":0},"product_cat":[25],"product_tag":[33],"_links":{"self":[{"href":"https:\/\/cairn-prehistoire.com\/index.php\/wp-json\/wp\/v2\/product\/2208"}],"collection":[{"href":"https:\/\/cairn-prehistoire.com\/index.php\/wp-json\/wp\/v2\/product"}],"about":[{"href":"https:\/\/cairn-prehistoire.com\/index.php\/wp-json\/wp\/v2\/types\/product"}],"version-history":[{"count":1,"href":"https:\/\/cairn-prehistoire.com\/index.php\/wp-json\/wp\/v2\/product\/2208\/revisions"}],"predecessor-version":[{"id":2934,"href":"https:\/\/cairn-prehistoire.com\/index.php\/wp-json\/wp\/v2\/product\/2208\/revisions\/2934"}],"wp:featuredmedia":[{"embeddable":true,"href":"https:\/\/cairn-prehistoire.com\/index.php\/wp-json\/wp\/v2\/media\/2204"}],"wp:attachment":[{"href":"https:\/\/cairn-prehistoire.com\/index.php\/wp-json\/wp\/v2\/media?parent=2208"}],"wp:term":[{"taxonomy":"product_cat","embeddable":true,"href":"https:\/\/cairn-prehistoire.com\/index.php\/wp-json\/wp\/v2\/product_cat?post=2208"},{"taxonomy":"product_tag","embeddable":true,"href":"https:\/\/cairn-prehistoire.com\/index.php\/wp-json\/wp\/v2\/product_tag?post=2208"}],"curies":[{"name":"wp","href":"https:\/\/api.w.org\/{rel}","templated":true}]}}