{"id":2275,"date":"2021-10-28T16:50:52","date_gmt":"2021-10-28T14:50:52","guid":{"rendered":"https:\/\/cairn-prehistoire.com\/?post_type=product&#038;p=2275"},"modified":"2022-08-03T15:00:44","modified_gmt":"2022-08-03T13:00:44","slug":"7-familles-la-prehistoire","status":"publish","type":"product","link":"https:\/\/cairn-prehistoire.com\/index.php\/produit\/7-familles-la-prehistoire\/","title":{"rendered":"7 Familles La Pr\u00e9histoire"},"content":{"rendered":"<p>Jeu des 7 Familles D\u00e9couverte<\/p>\n<p>42 cartes pour d\u00e9couvrir la Pr\u00e9histoire en s&#8217;amusant.<\/p>\n","protected":false},"excerpt":{"rendered":"<p>Jeu des 7 Familles D\u00e9couverte 42 cartes pour d\u00e9couvrir la Pr\u00e9histoire en s&#8217;amusant.<\/p>\n","protected":false},"featured_media":2280,"template":"","meta":{"_mi_skip_tracking":false,"_monsterinsights_sitenote_active":false,"_monsterinsights_sitenote_note":"","_monsterinsights_sitenote_category":0},"product_cat":[27],"product_tag":[33],"_links":{"self":[{"href":"https:\/\/cairn-prehistoire.com\/index.php\/wp-json\/wp\/v2\/product\/2275"}],"collection":[{"href":"https:\/\/cairn-prehistoire.com\/index.php\/wp-json\/wp\/v2\/product"}],"about":[{"href":"https:\/\/cairn-prehistoire.com\/index.php\/wp-json\/wp\/v2\/types\/product"}],"version-history":[{"count":2,"href":"https:\/\/cairn-prehistoire.com\/index.php\/wp-json\/wp\/v2\/product\/2275\/revisions"}],"predecessor-version":[{"id":3683,"href":"https:\/\/cairn-prehistoire.com\/index.php\/wp-json\/wp\/v2\/product\/2275\/revisions\/3683"}],"wp:featuredmedia":[{"embeddable":true,"href":"https:\/\/cairn-prehistoire.com\/index.php\/wp-json\/wp\/v2\/media\/2280"}],"wp:attachment":[{"href":"https:\/\/cairn-prehistoire.com\/index.php\/wp-json\/wp\/v2\/media?parent=2275"}],"wp:term":[{"taxonomy":"product_cat","embeddable":true,"href":"https:\/\/cairn-prehistoire.com\/index.php\/wp-json\/wp\/v2\/product_cat?post=2275"},{"taxonomy":"product_tag","embeddable":true,"href":"https:\/\/cairn-prehistoire.com\/index.php\/wp-json\/wp\/v2\/product_tag?post=2275"}],"curies":[{"name":"wp","href":"https:\/\/api.w.org\/{rel}","templated":true}]}}