{"id":2284,"date":"2021-10-29T15:59:53","date_gmt":"2021-10-29T13:59:53","guid":{"rendered":"https:\/\/cairn-prehistoire.com\/?post_type=product&#038;p=2284"},"modified":"2024-08-21T13:49:05","modified_gmt":"2024-08-21T11:49:05","slug":"arc","status":"publish","type":"product","link":"https:\/\/cairn-prehistoire.com\/index.php\/produit\/arc\/","title":{"rendered":"Arc"},"content":{"rendered":"<p>Arc en bois massif avec poign\u00e9e simili cuir<\/p>\n<p>2 fl\u00e8ches bouchon en li\u00e8ge<\/p>\n<p>Dimension : 70 cm<\/p>\n<p><span style=\"color: #ff0000;\"><em>Pas d&#8217;exp\u00e9dition possible. Retrait en magasin uniquement.\u00a0<\/em><\/span><\/p>\n","protected":false},"excerpt":{"rendered":"<p>Arc en bois massif avec poign\u00e9e simili cuir 2 fl\u00e8ches bouchon en li\u00e8ge Dimension : 70 cm Pas d&#8217;exp\u00e9dition possible.&hellip;<\/p>\n","protected":false},"featured_media":2285,"template":"","meta":{"_mi_skip_tracking":false,"_monsterinsights_sitenote_active":false,"_monsterinsights_sitenote_note":"","_monsterinsights_sitenote_category":0},"product_cat":[27],"product_tag":[34],"_links":{"self":[{"href":"https:\/\/cairn-prehistoire.com\/index.php\/wp-json\/wp\/v2\/product\/2284"}],"collection":[{"href":"https:\/\/cairn-prehistoire.com\/index.php\/wp-json\/wp\/v2\/product"}],"about":[{"href":"https:\/\/cairn-prehistoire.com\/index.php\/wp-json\/wp\/v2\/types\/product"}],"version-history":[{"count":2,"href":"https:\/\/cairn-prehistoire.com\/index.php\/wp-json\/wp\/v2\/product\/2284\/revisions"}],"predecessor-version":[{"id":2888,"href":"https:\/\/cairn-prehistoire.com\/index.php\/wp-json\/wp\/v2\/product\/2284\/revisions\/2888"}],"wp:featuredmedia":[{"embeddable":true,"href":"https:\/\/cairn-prehistoire.com\/index.php\/wp-json\/wp\/v2\/media\/2285"}],"wp:attachment":[{"href":"https:\/\/cairn-prehistoire.com\/index.php\/wp-json\/wp\/v2\/media?parent=2284"}],"wp:term":[{"taxonomy":"product_cat","embeddable":true,"href":"https:\/\/cairn-prehistoire.com\/index.php\/wp-json\/wp\/v2\/product_cat?post=2284"},{"taxonomy":"product_tag","embeddable":true,"href":"https:\/\/cairn-prehistoire.com\/index.php\/wp-json\/wp\/v2\/product_tag?post=2284"}],"curies":[{"name":"wp","href":"https:\/\/api.w.org\/{rel}","templated":true}]}}