{"id":2287,"date":"2021-10-29T16:08:30","date_gmt":"2021-10-29T14:08:30","guid":{"rendered":"https:\/\/cairn-prehistoire.com\/?post_type=product&#038;p=2287"},"modified":"2025-09-01T14:30:03","modified_gmt":"2025-09-01T12:30:03","slug":"kit-fossiles-a-deterrer","status":"publish","type":"product","link":"https:\/\/cairn-prehistoire.com\/index.php\/produit\/kit-fossiles-a-deterrer\/","title":{"rendered":"Kit Fossiles \u00e0 d\u00e9terrer"},"content":{"rendered":"<p>Le kit contient :<\/p>\n<ul>\n<li>5 fossiles<\/li>\n<li>1 bloc rocheux<\/li>\n<li>Des outils de fouilles<\/li>\n<li>1 loupe<\/li>\n<li>1 sac de rangement<\/li>\n<\/ul>\n","protected":false},"excerpt":{"rendered":"<p>A la mani\u00e8re d&#8217;un arch\u00e9ologue, fouille et d\u00e9couvre 5 fossiles.<\/p>\n<p>&nbsp;<\/p>\n","protected":false},"featured_media":2288,"template":"","meta":{"_mi_skip_tracking":false,"_monsterinsights_sitenote_active":false,"_monsterinsights_sitenote_note":"","_monsterinsights_sitenote_category":0},"product_cat":[27],"product_tag":[33],"_links":{"self":[{"href":"https:\/\/cairn-prehistoire.com\/index.php\/wp-json\/wp\/v2\/product\/2287"}],"collection":[{"href":"https:\/\/cairn-prehistoire.com\/index.php\/wp-json\/wp\/v2\/product"}],"about":[{"href":"https:\/\/cairn-prehistoire.com\/index.php\/wp-json\/wp\/v2\/types\/product"}],"version-history":[{"count":1,"href":"https:\/\/cairn-prehistoire.com\/index.php\/wp-json\/wp\/v2\/product\/2287\/revisions"}],"predecessor-version":[{"id":2583,"href":"https:\/\/cairn-prehistoire.com\/index.php\/wp-json\/wp\/v2\/product\/2287\/revisions\/2583"}],"wp:featuredmedia":[{"embeddable":true,"href":"https:\/\/cairn-prehistoire.com\/index.php\/wp-json\/wp\/v2\/media\/2288"}],"wp:attachment":[{"href":"https:\/\/cairn-prehistoire.com\/index.php\/wp-json\/wp\/v2\/media?parent=2287"}],"wp:term":[{"taxonomy":"product_cat","embeddable":true,"href":"https:\/\/cairn-prehistoire.com\/index.php\/wp-json\/wp\/v2\/product_cat?post=2287"},{"taxonomy":"product_tag","embeddable":true,"href":"https:\/\/cairn-prehistoire.com\/index.php\/wp-json\/wp\/v2\/product_tag?post=2287"}],"curies":[{"name":"wp","href":"https:\/\/api.w.org\/{rel}","templated":true}]}}