{"id":2672,"date":"2022-11-29T14:54:33","date_gmt":"2022-11-29T13:54:33","guid":{"rendered":"https:\/\/cairn-prehistoire.com\/?post_type=product&#038;p=2672"},"modified":"2022-11-29T15:32:52","modified_gmt":"2022-11-29T14:32:52","slug":"neandertaletmoi","status":"publish","type":"product","link":"https:\/\/cairn-prehistoire.com\/index.php\/produit\/neandertaletmoi\/","title":{"rendered":"N\u00e9andertal et moi"},"content":{"rendered":"<p>N\u00e9andertal : on fait de cette esp\u00e8ce \u00e9teinte d\u2019hommes une b\u00eate affreuse avant de croire que nous en \u00e9tions les descendants. Il semble tr\u00e8s diff\u00e9rent de Sapiens, plus archa\u00efque, plus bestial.<br \/>\nMais l\u2019\u00e9tait-il vraiment et surtout pourquoi en avons-nous cette vision ambigu\u00eb de lui ?<br \/>\nLes diff\u00e9rentes d\u00e9couvertes le concernant sont r\u00e9pertori\u00e9es dans cette enqu\u00eate richement document\u00e9e. Car notre vision de cette esp\u00e8ce d\u00e9pend non seulement de l\u2019avanc\u00e9e des recherches mais aussi de l\u2019id\u00e9e que nous nous faisons de lui.<br \/>\nCe livre, en lien direct avec l\u2019exposition \u00ab N\u00e9andertal \u00bb du mus\u00e9e de l\u2019Homme \u00e0 Paris, est \u00e0 la fois passionnant et didactique. Il nous invite \u00e0 un voyage fascinant au Pal\u00e9olithique.<\/p>\n","protected":false},"excerpt":{"rendered":"<p><strong>Qui est N\u00e9andertal ?<\/strong> Ni un monstre, ni un singe&#8230; C&#8217;est notre cousin humain le plus proche, un anc\u00eatre bien plus proche de nous que ce que l\u2019on peut croire.. Et, pourtant, on le conna\u00eet si peu&#8230; J\u00e9r\u00f4me Coignard s&#8217;est lanc\u00e9 \u00e0 sa d\u00e9couverte avec le pal\u00e9oanthropologue Antoine Balzeau. Leur enqu\u00eate, nourrie des derni\u00e8res avanc\u00e9es scientifiques, d\u00e9joue les pr\u00e9jug\u00e9s dont N\u00e9andertal a longtemps \u00e9t\u00e9 victime. Des documents, des \u0153uvres d&#8217;art et les images scintillantes de Betty Bone illustrent ce livre et enrichissent la r\u00e9flexion.<\/p>\n<p><em>&#8220;Un album documentaire tr\u00e8s convaincant.&#8221;<\/em><\/p>\n<p><em>L&#8217;exposition temporaire sur N\u00e9andertal, travaill\u00e9e en collaboration avec le Mus\u00e9e de l&#8217;Homme \u00e0 Paris, est prolong\u00e9e en 2023 au Pr\u00e9histo&#8217;Site du Cairn.<\/em><\/p>\n","protected":false},"featured_media":2674,"template":"","meta":{"_mi_skip_tracking":false,"_monsterinsights_sitenote_active":false,"_monsterinsights_sitenote_note":"","_monsterinsights_sitenote_category":0},"product_cat":[32],"product_tag":[33],"_links":{"self":[{"href":"https:\/\/cairn-prehistoire.com\/index.php\/wp-json\/wp\/v2\/product\/2672"}],"collection":[{"href":"https:\/\/cairn-prehistoire.com\/index.php\/wp-json\/wp\/v2\/product"}],"about":[{"href":"https:\/\/cairn-prehistoire.com\/index.php\/wp-json\/wp\/v2\/types\/product"}],"version-history":[{"count":2,"href":"https:\/\/cairn-prehistoire.com\/index.php\/wp-json\/wp\/v2\/product\/2672\/revisions"}],"predecessor-version":[{"id":2676,"href":"https:\/\/cairn-prehistoire.com\/index.php\/wp-json\/wp\/v2\/product\/2672\/revisions\/2676"}],"wp:featuredmedia":[{"embeddable":true,"href":"https:\/\/cairn-prehistoire.com\/index.php\/wp-json\/wp\/v2\/media\/2674"}],"wp:attachment":[{"href":"https:\/\/cairn-prehistoire.com\/index.php\/wp-json\/wp\/v2\/media?parent=2672"}],"wp:term":[{"taxonomy":"product_cat","embeddable":true,"href":"https:\/\/cairn-prehistoire.com\/index.php\/wp-json\/wp\/v2\/product_cat?post=2672"},{"taxonomy":"product_tag","embeddable":true,"href":"https:\/\/cairn-prehistoire.com\/index.php\/wp-json\/wp\/v2\/product_tag?post=2672"}],"curies":[{"name":"wp","href":"https:\/\/api.w.org\/{rel}","templated":true}]}}