{"id":2677,"date":"2022-11-30T16:56:42","date_gmt":"2022-11-30T15:56:42","guid":{"rendered":"https:\/\/cairn-prehistoire.com\/?post_type=product&#038;p=2677"},"modified":"2025-09-26T11:13:16","modified_gmt":"2025-09-26T09:13:16","slug":"kit-feu-bourse-en-cuir","status":"publish","type":"product","link":"https:\/\/cairn-prehistoire.com\/index.php\/produit\/kit-feu-bourse-en-cuir\/","title":{"rendered":"Kit Feu Bourse en cuir"},"content":{"rendered":"<p>Le KIT contient :<\/p>\n<ul>\n<li>une marcassite<\/li>\n<li>un briquet en silex<\/li>\n<li>un sachet d&#8217;amadou r\u00e2p\u00e9<\/li>\n<li>herbe s\u00e8che<\/li>\n<\/ul>\n<p>Plusieurs coloris disponibles<\/p>\n","protected":false},"excerpt":{"rendered":"<p>Le KIT contient : une marcassite un briquet en silex un sachet d&#8217;amadou r\u00e2p\u00e9 herbe s\u00e8che Plusieurs coloris disponibles<\/p>\n","protected":false},"featured_media":2678,"template":"","meta":{"_mi_skip_tracking":false,"_monsterinsights_sitenote_active":false,"_monsterinsights_sitenote_note":"","_monsterinsights_sitenote_category":0},"product_cat":[24],"product_tag":[33],"_links":{"self":[{"href":"https:\/\/cairn-prehistoire.com\/index.php\/wp-json\/wp\/v2\/product\/2677"}],"collection":[{"href":"https:\/\/cairn-prehistoire.com\/index.php\/wp-json\/wp\/v2\/product"}],"about":[{"href":"https:\/\/cairn-prehistoire.com\/index.php\/wp-json\/wp\/v2\/types\/product"}],"version-history":[{"count":4,"href":"https:\/\/cairn-prehistoire.com\/index.php\/wp-json\/wp\/v2\/product\/2677\/revisions"}],"predecessor-version":[{"id":2901,"href":"https:\/\/cairn-prehistoire.com\/index.php\/wp-json\/wp\/v2\/product\/2677\/revisions\/2901"}],"wp:featuredmedia":[{"embeddable":true,"href":"https:\/\/cairn-prehistoire.com\/index.php\/wp-json\/wp\/v2\/media\/2678"}],"wp:attachment":[{"href":"https:\/\/cairn-prehistoire.com\/index.php\/wp-json\/wp\/v2\/media?parent=2677"}],"wp:term":[{"taxonomy":"product_cat","embeddable":true,"href":"https:\/\/cairn-prehistoire.com\/index.php\/wp-json\/wp\/v2\/product_cat?post=2677"},{"taxonomy":"product_tag","embeddable":true,"href":"https:\/\/cairn-prehistoire.com\/index.php\/wp-json\/wp\/v2\/product_tag?post=2677"}],"curies":[{"name":"wp","href":"https:\/\/api.w.org\/{rel}","templated":true}]}}