{"id":2684,"date":"2022-12-05T12:22:22","date_gmt":"2022-12-05T11:22:22","guid":{"rendered":"https:\/\/cairn-prehistoire.com\/?post_type=product&#038;p=2684"},"modified":"2024-08-15T16:55:10","modified_gmt":"2024-08-15T14:55:10","slug":"deterre-un-squelette-de-mammouth","status":"publish","type":"product","link":"https:\/\/cairn-prehistoire.com\/index.php\/produit\/deterre-un-squelette-de-mammouth\/","title":{"rendered":"D\u00e9terre un squelette de Mammouth"},"content":{"rendered":"<p>Un bloc de pl\u00e2tre renferme des ossements de mammouth&#8230; l&#8217;enfant doit gratter le bloc de pl\u00e2tre tel le pal\u00e9ontologue, avec les outils livr\u00e9s (un burin et un pinceau) pour r\u00e9cup\u00e9rer l&#8217;ensemble des ossements. Livr\u00e9 avec un plan permettant l&#8217;assemblage du squelette. Notice comprenant dix questions pour que l&#8217;enfant en apprenne davantage sur le mammouth d\u00e9couvert. Dimensions du bloc de pl\u00e2tre : environ 11 x 9 x 4,5 cm.<\/p>\n","protected":false},"excerpt":{"rendered":"<p><span class=\"PBLongTxt PBItemShortDesc\">Jouez \u00e0 l&#8217;expert en pal\u00e9ontologie : Mettez au jour les os du mammif\u00e8re qui r\u00e9gnait sur la plan\u00e8te il y a des milliers d&#8217;ann\u00e9es et recr\u00e9er le squelette d&#8217;un incroyable mammouth laineux<br \/>\n<\/span><\/p>\n<p>\u00c2ge recommand\u00e9<span class=\"inline-block\"> : de 8 \u00e0 11 ans<\/span><\/p>\n","protected":false},"featured_media":2686,"template":"","meta":{"_mi_skip_tracking":false,"_monsterinsights_sitenote_active":false,"_monsterinsights_sitenote_note":"","_monsterinsights_sitenote_category":0},"product_cat":[27],"product_tag":[33],"_links":{"self":[{"href":"https:\/\/cairn-prehistoire.com\/index.php\/wp-json\/wp\/v2\/product\/2684"}],"collection":[{"href":"https:\/\/cairn-prehistoire.com\/index.php\/wp-json\/wp\/v2\/product"}],"about":[{"href":"https:\/\/cairn-prehistoire.com\/index.php\/wp-json\/wp\/v2\/types\/product"}],"version-history":[{"count":5,"href":"https:\/\/cairn-prehistoire.com\/index.php\/wp-json\/wp\/v2\/product\/2684\/revisions"}],"predecessor-version":[{"id":2691,"href":"https:\/\/cairn-prehistoire.com\/index.php\/wp-json\/wp\/v2\/product\/2684\/revisions\/2691"}],"wp:featuredmedia":[{"embeddable":true,"href":"https:\/\/cairn-prehistoire.com\/index.php\/wp-json\/wp\/v2\/media\/2686"}],"wp:attachment":[{"href":"https:\/\/cairn-prehistoire.com\/index.php\/wp-json\/wp\/v2\/media?parent=2684"}],"wp:term":[{"taxonomy":"product_cat","embeddable":true,"href":"https:\/\/cairn-prehistoire.com\/index.php\/wp-json\/wp\/v2\/product_cat?post=2684"},{"taxonomy":"product_tag","embeddable":true,"href":"https:\/\/cairn-prehistoire.com\/index.php\/wp-json\/wp\/v2\/product_tag?post=2684"}],"curies":[{"name":"wp","href":"https:\/\/api.w.org\/{rel}","templated":true}]}}