{"id":3790,"date":"2026-05-05T15:58:19","date_gmt":"2026-05-05T13:58:19","guid":{"rendered":"https:\/\/cairn-prehistoire.com\/?post_type=product&#038;p=3790"},"modified":"2026-05-05T16:13:20","modified_gmt":"2026-05-05T14:13:20","slug":"prehistodegustation-19h00","status":"publish","type":"product","link":"https:\/\/cairn-prehistoire.com\/index.php\/produit\/prehistodegustation-19h00\/","title":{"rendered":"Pr\u00e9histo&#8217;D\u00e9gustation 19h00"},"content":{"rendered":"<p>CRENEAU DE 19H00<\/p>\n<p>&#8211;&gt; Pr\u00e9histo&#8217;d\u00e9gustation durant le CLUEDO de la Nuit des Mus\u00e9es 23 mai<\/p>\n<p>25 places max, 3 euros par personne<\/p>\n","protected":false},"excerpt":{"rendered":"<p>Une d\u00e9gustation de plusieurs petits produits locaux fait \u00e0 partir d&#8217;aliments existant \u00e0 la Pr\u00e9histoire<\/p>\n","protected":false},"featured_media":3797,"template":"","meta":{"_mi_skip_tracking":false,"_monsterinsights_sitenote_active":false,"_monsterinsights_sitenote_note":"","_monsterinsights_sitenote_category":0},"product_cat":[28,40],"product_tag":[],"_links":{"self":[{"href":"https:\/\/cairn-prehistoire.com\/index.php\/wp-json\/wp\/v2\/product\/3790"}],"collection":[{"href":"https:\/\/cairn-prehistoire.com\/index.php\/wp-json\/wp\/v2\/product"}],"about":[{"href":"https:\/\/cairn-prehistoire.com\/index.php\/wp-json\/wp\/v2\/types\/product"}],"version-history":[{"count":2,"href":"https:\/\/cairn-prehistoire.com\/index.php\/wp-json\/wp\/v2\/product\/3790\/revisions"}],"predecessor-version":[{"id":3795,"href":"https:\/\/cairn-prehistoire.com\/index.php\/wp-json\/wp\/v2\/product\/3790\/revisions\/3795"}],"wp:featuredmedia":[{"embeddable":true,"href":"https:\/\/cairn-prehistoire.com\/index.php\/wp-json\/wp\/v2\/media\/3797"}],"wp:attachment":[{"href":"https:\/\/cairn-prehistoire.com\/index.php\/wp-json\/wp\/v2\/media?parent=3790"}],"wp:term":[{"taxonomy":"product_cat","embeddable":true,"href":"https:\/\/cairn-prehistoire.com\/index.php\/wp-json\/wp\/v2\/product_cat?post=3790"},{"taxonomy":"product_tag","embeddable":true,"href":"https:\/\/cairn-prehistoire.com\/index.php\/wp-json\/wp\/v2\/product_tag?post=3790"}],"curies":[{"name":"wp","href":"https:\/\/api.w.org\/{rel}","templated":true}]}}