{"id":3793,"date":"2026-05-05T15:58:52","date_gmt":"2026-05-05T13:58:52","guid":{"rendered":"https:\/\/cairn-prehistoire.com\/?post_type=product&#038;p=3793"},"modified":"2026-05-05T21:46:22","modified_gmt":"2026-05-05T19:46:22","slug":"prehistodegustation-20h00","status":"publish","type":"product","link":"https:\/\/cairn-prehistoire.com\/index.php\/produit\/prehistodegustation-20h00\/","title":{"rendered":"Pr\u00e9histo&#8217;D\u00e9gustation 20h00"},"content":{"rendered":"<p>CRENEAU DE 20H00<\/p>\n<p>&#8211;&gt; Pr\u00e9histo&#8217;d\u00e9gustation durant le CLUEDO de la Nuit des Mus\u00e9es 23 mai<\/p>\n<p>25 places max, 3 euros par personne<\/p>\n","protected":false},"excerpt":{"rendered":"<p>Une d\u00e9gustation de plusieurs petits produits locaux fait \u00e0 partir d&#8217;aliments existant \u00e0 la Pr\u00e9histoire<\/p>\n","protected":false},"featured_media":3796,"template":"","meta":{"_mi_skip_tracking":false,"_monsterinsights_sitenote_active":false,"_monsterinsights_sitenote_note":"","_monsterinsights_sitenote_category":0},"product_cat":[28,40],"product_tag":[],"_links":{"self":[{"href":"https:\/\/cairn-prehistoire.com\/index.php\/wp-json\/wp\/v2\/product\/3793"}],"collection":[{"href":"https:\/\/cairn-prehistoire.com\/index.php\/wp-json\/wp\/v2\/product"}],"about":[{"href":"https:\/\/cairn-prehistoire.com\/index.php\/wp-json\/wp\/v2\/types\/product"}],"version-history":[{"count":1,"href":"https:\/\/cairn-prehistoire.com\/index.php\/wp-json\/wp\/v2\/product\/3793\/revisions"}],"predecessor-version":[{"id":3794,"href":"https:\/\/cairn-prehistoire.com\/index.php\/wp-json\/wp\/v2\/product\/3793\/revisions\/3794"}],"wp:featuredmedia":[{"embeddable":true,"href":"https:\/\/cairn-prehistoire.com\/index.php\/wp-json\/wp\/v2\/media\/3796"}],"wp:attachment":[{"href":"https:\/\/cairn-prehistoire.com\/index.php\/wp-json\/wp\/v2\/media?parent=3793"}],"wp:term":[{"taxonomy":"product_cat","embeddable":true,"href":"https:\/\/cairn-prehistoire.com\/index.php\/wp-json\/wp\/v2\/product_cat?post=3793"},{"taxonomy":"product_tag","embeddable":true,"href":"https:\/\/cairn-prehistoire.com\/index.php\/wp-json\/wp\/v2\/product_tag?post=3793"}],"curies":[{"name":"wp","href":"https:\/\/api.w.org\/{rel}","templated":true}]}}